{"id":2248,"date":"2025-11-04T23:07:43","date_gmt":"2025-11-04T22:07:43","guid":{"rendered":"https:\/\/www.delatrust.lu\/privacy-policy\/"},"modified":"2025-12-31T12:23:58","modified_gmt":"2025-12-31T11:23:58","slug":"privacy-policy","status":"publish","type":"page","link":"https:\/\/www.delatrust.lu\/en\/privacy-policy\/","title":{"rendered":"Privacy Policy"},"content":{"rendered":"\n<p>Les donn\u00e9es collect\u00e9es via les formulaires du site sont enregistr\u00e9es uniquement apr\u00e8s validation de l\u2019utilisateur, ce qui constitue un consentement explicite \u00e0 leur traitement. Vous avez le droit de consulter, faire corriger ou supprimer vos donn\u00e9es personnelles en envoyant une demande par email \u00e0 info@delatrust.lu ou par courrier postal \u00e0 l\u2019adresse du si\u00e8ge social.<\/p>\n<p>Toute fois, la soci\u00e9t\u00e9 DELATRUST S\u00e0rls se reserve le droit de ne pas conserver les donn\u00e9es personnelles des utilisateurs et donc pourra les supprimer \u00e0 tout moment sans pr\u00e9avis.<\/p>\n<h2 class=\"wp-block-heading\"><strong>Applicable Law<\/strong><\/h2>\n<p>Les pr\u00e9sentes conditions sont soumises \u00e0 la l\u00e9gislation luxembourgeoise. En cas de diff\u00e9rend li\u00e9 \u00e0 l&#8217;application ou \u00e0 l&#8217;interpr\u00e9tation de ces conditions, les juridictions comp\u00e9tentes du Grand-Duch\u00e9 de Luxembourg seront saisies.<\/p>\n<h2 class=\"wp-block-heading\">About Us<\/h2>\n\n<p>Our site address is: www.delatrust.lu<\/p>\n\n<h2 class=\"wp-block-heading\">Comments<\/h2>\n\n<p>When you leave a comment on our site, the data entered in the comment form, as well as your IP address and browser user agent, are collected to help us detect unwanted comments.<\/p>\n\n<p>An anonymized string created from your email address (also called a hash) may be sent to the Gravatar service to check if you are using it. The privacy policy for the Gravatar service is available here: https:\/\/automattic.com\/privacy\/. After your comment is approved, your profile picture will be publicly visible next to your comment. <\/p>\n\n<h2 class=\"wp-block-heading\">Media<\/h2>\n\n<p>If you upload images to the site, we advise you to avoid uploading images containing EXIF GPS location data. People visiting your site can download and extract location data from these images. <\/p>\n\n<h2 class=\"wp-block-heading\">Cookies<\/h2>\n\n<p>If you leave a comment on our site, you may opt to save your name, email address, and website in cookies. This is solely for your convenience so that you do not have to re-enter this information when you leave another comment later. These cookies expire after one year.  <\/p>\n\n<p>If you visit the login page, a temporary cookie will be set to determine if your browser accepts cookies. It contains no personal data and will be automatically deleted when you close your browser. <\/p>\n\n<p>When you log in, we will set up several cookies to save your login information and screen display preferences. A login cookie lasts for two days, and a screen options cookie lasts for one year. If you select \u201cRemember Me,\u201d your login cookie will be retained for two weeks. If you log out of your account, the login cookie will be deleted.   <\/p>\n\n<p>By editing or publishing a post, an additional cookie will be saved in your browser. This cookie contains no personal data. It simply indicates the ID of the post you just edited. It expires after one day.   <\/p>\n\n<h2 class=\"wp-block-heading\">Embedded Content from Other Sites<\/h2>\n\n<p>Articles on this site may include embedded content (e.g., videos, images, articles, etc.). Embedded content from other sites behaves in the exact same way as if the visitor had visited that other site. <\/p>\n\n<p>These websites may collect data about you, use cookies, embed third-party tracking tools, and monitor your interactions with this embedded content if you have a logged-in account on their website.<\/p>\n\n<h2 class=\"wp-block-heading\">Use and Transmission of Your Personal Data<\/h2>\n\n<p>If you request a password reset, your IP address will be included in the reset email.<\/p>\n\n<h2 class=\"wp-block-heading\">Data Retention Periods<\/h2>\n\n<p>If you leave a comment, the comment and its metadata are retained indefinitely. This allows us to automatically recognize and approve subsequent comments instead of holding them in a moderation queue. <\/p>\n\n<p>For accounts that register on our site (if applicable), we also store the personal data provided in their profile. All accounts can view, modify, or delete their personal information at any time (with the exception of their username). Site administrators can also view and modify this information.  <\/p>\n\n<h2 class=\"wp-block-heading\">Your Rights Regarding Your Data<\/h2>\n\n<p>If you have an account or have left comments on the site, you can request to receive an exported file of the personal data we hold about you, including any data you have provided to us. You can also request that we erase any personal data we hold about you. This does not include any data we are obliged to keep for administrative, legal, or security purposes.  <\/p>\n\n<h2 class=\"wp-block-heading\">Where Your Data Is Sent<\/h2>\n\n<p>Visitor comments may be checked using an automated spam detection service.<\/p>\n<p>&nbsp;<\/p>\n","protected":false},"excerpt":{"rendered":"<p>Les donn\u00e9es collect\u00e9es via les formulaires du site sont enregistr\u00e9es uniquement apr\u00e8s validation de l\u2019utilisateur, ce qui constitue un consentement explicite \u00e0 leur traitement. Vous avez le droit de consulter, faire corriger ou supprimer vos donn\u00e9es personnelles en envoyant une demande par email \u00e0 info@delatrust.lu ou par courrier postal \u00e0 l\u2019adresse du si\u00e8ge social. Toute [&hellip;]<\/p>\n","protected":false},"author":1,"featured_media":0,"parent":0,"menu_order":0,"comment_status":"closed","ping_status":"closed","template":"","meta":{"_acf_changed":false,"footnotes":""},"class_list":["post-2248","page","type-page","status-publish","hentry"],"acf":[],"yoast_head":"<!-- This site is optimized with the Yoast SEO plugin v26.5 - https:\/\/yoast.com\/wordpress\/plugins\/seo\/ -->\n<title>Privacy Policy - DelaTrust<\/title>\n<meta name=\"robots\" content=\"index, follow, max-snippet:-1, max-image-preview:large, max-video-preview:-1\" \/>\n<link rel=\"canonical\" href=\"https:\/\/www.delatrust.lu\/en\/privacy-policy\/\" \/>\n<meta property=\"og:locale\" content=\"en_US\" \/>\n<meta property=\"og:type\" content=\"article\" \/>\n<meta property=\"og:title\" content=\"Privacy Policy - DelaTrust\" \/>\n<meta property=\"og:description\" content=\"Les donn\u00e9es collect\u00e9es via les formulaires du site sont enregistr\u00e9es uniquement apr\u00e8s validation de l\u2019utilisateur, ce qui constitue un consentement explicite \u00e0 leur traitement. Vous avez le droit de consulter, faire corriger ou supprimer vos donn\u00e9es personnelles en envoyant une demande par email \u00e0 info@delatrust.lu ou par courrier postal \u00e0 l\u2019adresse du si\u00e8ge social. Toute [&hellip;]\" \/>\n<meta property=\"og:url\" content=\"https:\/\/www.delatrust.lu\/en\/privacy-policy\/\" \/>\n<meta property=\"og:site_name\" content=\"DelaTrust\" \/>\n<meta property=\"article:modified_time\" content=\"2025-12-31T11:23:58+00:00\" \/>\n<meta name=\"twitter:card\" content=\"summary_large_image\" \/>\n<meta name=\"twitter:label1\" content=\"Est. reading time\" \/>\n\t<meta name=\"twitter:data1\" content=\"4 minutes\" \/>\n<script type=\"application\/ld+json\" class=\"yoast-schema-graph\">{\"@context\":\"https:\/\/schema.org\",\"@graph\":[{\"@type\":\"WebPage\",\"@id\":\"https:\/\/www.delatrust.lu\/en\/privacy-policy\/\",\"url\":\"https:\/\/www.delatrust.lu\/en\/privacy-policy\/\",\"name\":\"Privacy Policy - DelaTrust\",\"isPartOf\":{\"@id\":\"https:\/\/www.delatrust.lu\/en\/#website\"},\"datePublished\":\"2025-11-04T22:07:43+00:00\",\"dateModified\":\"2025-12-31T11:23:58+00:00\",\"breadcrumb\":{\"@id\":\"https:\/\/www.delatrust.lu\/en\/privacy-policy\/#breadcrumb\"},\"inLanguage\":\"en-US\",\"potentialAction\":[{\"@type\":\"ReadAction\",\"target\":[\"https:\/\/www.delatrust.lu\/en\/privacy-policy\/\"]}]},{\"@type\":\"BreadcrumbList\",\"@id\":\"https:\/\/www.delatrust.lu\/en\/privacy-policy\/#breadcrumb\",\"itemListElement\":[{\"@type\":\"ListItem\",\"position\":1,\"name\":\"Accueil\",\"item\":\"https:\/\/www.delatrust.lu\/en\/home\/\"},{\"@type\":\"ListItem\",\"position\":2,\"name\":\"Privacy Policy\"}]},{\"@type\":\"WebSite\",\"@id\":\"https:\/\/www.delatrust.lu\/en\/#website\",\"url\":\"https:\/\/www.delatrust.lu\/en\/\",\"name\":\"DelaTrust\",\"description\":\"Cabinet d&#039;expertise comptable au Luxembourg\",\"publisher\":{\"@id\":\"https:\/\/www.delatrust.lu\/en\/#organization\"},\"potentialAction\":[{\"@type\":\"SearchAction\",\"target\":{\"@type\":\"EntryPoint\",\"urlTemplate\":\"https:\/\/www.delatrust.lu\/en\/?s={search_term_string}\"},\"query-input\":{\"@type\":\"PropertyValueSpecification\",\"valueRequired\":true,\"valueName\":\"search_term_string\"}}],\"inLanguage\":\"en-US\"},{\"@type\":\"Organization\",\"@id\":\"https:\/\/www.delatrust.lu\/en\/#organization\",\"name\":\"DelaTrust\",\"url\":\"https:\/\/www.delatrust.lu\/en\/\",\"logo\":{\"@type\":\"ImageObject\",\"inLanguage\":\"en-US\",\"@id\":\"https:\/\/www.delatrust.lu\/en\/#\/schema\/logo\/image\/\",\"url\":\"https:\/\/www.delatrust.lu\/wp-content\/uploads\/2025\/09\/DelaTrust-Logo-Light.svg\",\"contentUrl\":\"https:\/\/www.delatrust.lu\/wp-content\/uploads\/2025\/09\/DelaTrust-Logo-Light.svg\",\"width\":250,\"height\":70,\"caption\":\"DelaTrust\"},\"image\":{\"@id\":\"https:\/\/www.delatrust.lu\/en\/#\/schema\/logo\/image\/\"}}]}<\/script>\n<!-- \/ Yoast SEO plugin. -->","yoast_head_json":{"title":"Privacy Policy - DelaTrust","robots":{"index":"index","follow":"follow","max-snippet":"max-snippet:-1","max-image-preview":"max-image-preview:large","max-video-preview":"max-video-preview:-1"},"canonical":"https:\/\/www.delatrust.lu\/en\/privacy-policy\/","og_locale":"en_US","og_type":"article","og_title":"Privacy Policy - DelaTrust","og_description":"Les donn\u00e9es collect\u00e9es via les formulaires du site sont enregistr\u00e9es uniquement apr\u00e8s validation de l\u2019utilisateur, ce qui constitue un consentement explicite \u00e0 leur traitement. Vous avez le droit de consulter, faire corriger ou supprimer vos donn\u00e9es personnelles en envoyant une demande par email \u00e0 info@delatrust.lu ou par courrier postal \u00e0 l\u2019adresse du si\u00e8ge social. Toute [&hellip;]","og_url":"https:\/\/www.delatrust.lu\/en\/privacy-policy\/","og_site_name":"DelaTrust","article_modified_time":"2025-12-31T11:23:58+00:00","twitter_card":"summary_large_image","twitter_misc":{"Est. reading time":"4 minutes"},"schema":{"@context":"https:\/\/schema.org","@graph":[{"@type":"WebPage","@id":"https:\/\/www.delatrust.lu\/en\/privacy-policy\/","url":"https:\/\/www.delatrust.lu\/en\/privacy-policy\/","name":"Privacy Policy - DelaTrust","isPartOf":{"@id":"https:\/\/www.delatrust.lu\/en\/#website"},"datePublished":"2025-11-04T22:07:43+00:00","dateModified":"2025-12-31T11:23:58+00:00","breadcrumb":{"@id":"https:\/\/www.delatrust.lu\/en\/privacy-policy\/#breadcrumb"},"inLanguage":"en-US","potentialAction":[{"@type":"ReadAction","target":["https:\/\/www.delatrust.lu\/en\/privacy-policy\/"]}]},{"@type":"BreadcrumbList","@id":"https:\/\/www.delatrust.lu\/en\/privacy-policy\/#breadcrumb","itemListElement":[{"@type":"ListItem","position":1,"name":"Accueil","item":"https:\/\/www.delatrust.lu\/en\/home\/"},{"@type":"ListItem","position":2,"name":"Privacy Policy"}]},{"@type":"WebSite","@id":"https:\/\/www.delatrust.lu\/en\/#website","url":"https:\/\/www.delatrust.lu\/en\/","name":"DelaTrust","description":"Cabinet d&#039;expertise comptable au Luxembourg","publisher":{"@id":"https:\/\/www.delatrust.lu\/en\/#organization"},"potentialAction":[{"@type":"SearchAction","target":{"@type":"EntryPoint","urlTemplate":"https:\/\/www.delatrust.lu\/en\/?s={search_term_string}"},"query-input":{"@type":"PropertyValueSpecification","valueRequired":true,"valueName":"search_term_string"}}],"inLanguage":"en-US"},{"@type":"Organization","@id":"https:\/\/www.delatrust.lu\/en\/#organization","name":"DelaTrust","url":"https:\/\/www.delatrust.lu\/en\/","logo":{"@type":"ImageObject","inLanguage":"en-US","@id":"https:\/\/www.delatrust.lu\/en\/#\/schema\/logo\/image\/","url":"https:\/\/www.delatrust.lu\/wp-content\/uploads\/2025\/09\/DelaTrust-Logo-Light.svg","contentUrl":"https:\/\/www.delatrust.lu\/wp-content\/uploads\/2025\/09\/DelaTrust-Logo-Light.svg","width":250,"height":70,"caption":"DelaTrust"},"image":{"@id":"https:\/\/www.delatrust.lu\/en\/#\/schema\/logo\/image\/"}}]}},"_links":{"self":[{"href":"https:\/\/www.delatrust.lu\/en\/wp-json\/wp\/v2\/pages\/2248","targetHints":{"allow":["GET"]}}],"collection":[{"href":"https:\/\/www.delatrust.lu\/en\/wp-json\/wp\/v2\/pages"}],"about":[{"href":"https:\/\/www.delatrust.lu\/en\/wp-json\/wp\/v2\/types\/page"}],"author":[{"embeddable":true,"href":"https:\/\/www.delatrust.lu\/en\/wp-json\/wp\/v2\/users\/1"}],"replies":[{"embeddable":true,"href":"https:\/\/www.delatrust.lu\/en\/wp-json\/wp\/v2\/comments?post=2248"}],"version-history":[{"count":1,"href":"https:\/\/www.delatrust.lu\/en\/wp-json\/wp\/v2\/pages\/2248\/revisions"}],"predecessor-version":[{"id":2249,"href":"https:\/\/www.delatrust.lu\/en\/wp-json\/wp\/v2\/pages\/2248\/revisions\/2249"}],"wp:attachment":[{"href":"https:\/\/www.delatrust.lu\/en\/wp-json\/wp\/v2\/media?parent=2248"}],"curies":[{"name":"wp","href":"https:\/\/api.w.org\/{rel}","templated":true}]}}