{"id":2407,"date":"2025-10-05T11:17:39","date_gmt":"2025-10-05T09:17:39","guid":{"rendered":"https:\/\/www.delatrust.lu\/kontaktieren-sie-uns\/"},"modified":"2025-12-31T12:58:45","modified_gmt":"2025-12-31T11:58:45","slug":"kontaktieren-sie-uns","status":"publish","type":"page","link":"https:\/\/www.delatrust.lu\/de\/kontaktieren-sie-uns\/","title":{"rendered":"Kontaktieren Sie uns"},"content":{"rendered":"\t\t<div data-elementor-type=\"wp-page\" data-elementor-id=\"2407\" class=\"elementor elementor-2407 elementor-328\" data-elementor-post-type=\"page\">\n\t\t\t\t<div class=\"elementor-element elementor-element-7c8ef309 e-flex e-con-boxed e-con e-parent\" data-id=\"7c8ef309\" data-element_type=\"container\" data-settings=\"{&quot;background_background&quot;:&quot;classic&quot;}\">\n\t\t\t\t\t<div class=\"e-con-inner\">\n\t\t<div class=\"elementor-element elementor-element-37308803 e-con-full e-flex e-con e-child\" data-id=\"37308803\" data-element_type=\"container\">\n\t\t\t\t<div class=\"elementor-element elementor-element-355f5ee0 elementor-widget__width-initial elementor-widget elementor-widget-heading\" data-id=\"355f5ee0\" data-element_type=\"widget\" data-widget_type=\"heading.default\">\n\t\t\t\t\t<h1 class=\"elementor-heading-title elementor-size-default\">Lassen Sie uns \u00fcber Ihre Bed\u00fcrfnisse sprechen<\/h1>\t\t\t\t<\/div>\n\t\t\t\t<div class=\"elementor-element elementor-element-eb580a8 elementor-widget elementor-widget-text-editor\" data-id=\"eb580a8\" data-element_type=\"widget\" data-widget_type=\"text-editor.default\">\n\t\t\t\t\t\t\t\t\tUnser Team antwortet Ihnen innerhalb von 24 Stunden, um Ihre Situation zu analysieren und Ihnen konkrete L\u00f6sungen in den Bereichen Beratung, Buchhaltung und Steuern anzubieten.\t\t\t\t\t\t\t\t<\/div>\n\t\t\t\t<\/div>\n\t\t\t\t\t<\/div>\n\t\t\t\t<\/div>\n\t\t<div class=\"elementor-element elementor-element-52cf3550 e-con-full e-flex e-con e-parent\" data-id=\"52cf3550\" data-element_type=\"container\">\n\t\t\t\t<div class=\"elementor-element elementor-element-56dcdcb elementor-absolute elementor-view-default elementor-widget elementor-widget-icon\" data-id=\"56dcdcb\" data-element_type=\"widget\" data-settings=\"{&quot;_position&quot;:&quot;absolute&quot;}\" data-widget_type=\"icon.default\">\n\t\t\t\t\t\t\t<div class=\"elementor-icon-wrapper\">\n\t\t\t<div class=\"elementor-icon\">\n\t\t\t<svg xmlns=\"http:\/\/www.w3.org\/2000\/svg\" viewBox=\"0 0 116 116\" width=\"116\" height=\"116\"><path d=\"m0.4 116c10 0 19.6-4 26.6-11l89-89v100\"><\/path><\/svg>\t\t\t<\/div>\n\t\t<\/div>\n\t\t\t\t\t\t<\/div>\n\t\t\t\t<div class=\"elementor-element elementor-element-39bcb675 elementor-widget elementor-widget-image\" data-id=\"39bcb675\" data-element_type=\"widget\" data-widget_type=\"image.default\">\n\t\t\t\t\t\t\t\t\t\t\t\t\t\t\t<img fetchpriority=\"high\" decoding=\"async\" width=\"1440\" height=\"459\" src=\"https:\/\/www.delatrust.lu\/wp-content\/uploads\/2025\/10\/Hero-Contact.webp\" class=\"attachment-full size-full wp-image-2221\" alt=\"\" srcset=\"https:\/\/www.delatrust.lu\/wp-content\/uploads\/2025\/10\/Hero-Contact.webp 1440w, https:\/\/www.delatrust.lu\/wp-content\/uploads\/2025\/10\/Hero-Contact-300x96.webp 300w, https:\/\/www.delatrust.lu\/wp-content\/uploads\/2025\/10\/Hero-Contact-1024x326.webp 1024w, https:\/\/www.delatrust.lu\/wp-content\/uploads\/2025\/10\/Hero-Contact-768x245.webp 768w\" sizes=\"(max-width: 1440px) 100vw, 1440px\" loading=\"eager\" \/>\t\t\t\t\t\t\t\t\t\t\t\t\t\t\t<\/div>\n\t\t\t\t<\/div>\n\t\t<div class=\"elementor-element elementor-element-3a5bda5 e-flex e-con-boxed e-con e-parent\" data-id=\"3a5bda5\" data-element_type=\"container\" id=\"contact\" data-settings=\"{&quot;background_background&quot;:&quot;classic&quot;}\">\n\t\t\t\t\t<div class=\"e-con-inner\">\n\t\t\t\t<div class=\"elementor-element elementor-element-7cd2362 elementor-widget elementor-widget-heading\" data-id=\"7cd2362\" data-element_type=\"widget\" data-widget_type=\"heading.default\">\n\t\t\t\t\t<h2 class=\"elementor-heading-title elementor-size-default\">Vereinbaren Sie einen Termin mit\neinem Experten <\/h2>\t\t\t\t<\/div>\n\t\t\t\t<div class=\"elementor-element elementor-element-64eba1c elementor-align-center elementor-icon-list--layout-traditional elementor-list-item-link-full_width elementor-widget elementor-widget-icon-list\" data-id=\"64eba1c\" data-element_type=\"widget\" data-widget_type=\"icon-list.default\">\n\t\t\t\t\t\t\t<ul class=\"elementor-icon-list-items\">\n\t\t\t\t\t\t\t<li class=\"elementor-icon-list-item\">\n\t\t\t\t\t\t\t\t\t\t\t<a href=\"tel:%2000352691141766\">\n\n\t\t\t\t\t\t\t\t\t\t\t\t<span class=\"elementor-icon-list-icon\">\n\t\t\t\t\t\t\t<svg aria-hidden=\"true\" class=\"e-font-icon-svg e-fas-phone-alt\" viewBox=\"0 0 512 512\" xmlns=\"http:\/\/www.w3.org\/2000\/svg\"><path d=\"M497.39 361.8l-112-48a24 24 0 0 0-28 6.9l-49.6 60.6A370.66 370.66 0 0 1 130.6 204.11l60.6-49.6a23.94 23.94 0 0 0 6.9-28l-48-112A24.16 24.16 0 0 0 122.6.61l-104 24A24 24 0 0 0 0 48c0 256.5 207.9 464 464 464a24 24 0 0 0 23.4-18.6l24-104a24.29 24.29 0 0 0-14.01-27.6z\"><\/path><\/svg>\t\t\t\t\t\t<\/span>\n\t\t\t\t\t\t\t\t\t\t<span class=\"elementor-icon-list-text\">+352 691 141 766<\/span>\n\t\t\t\t\t\t\t\t\t\t\t<\/a>\n\t\t\t\t\t\t\t\t\t<\/li>\n\t\t\t\t\t\t\t\t<li class=\"elementor-icon-list-item\">\n\t\t\t\t\t\t\t\t\t\t\t<span class=\"elementor-icon-list-icon\">\n\t\t\t\t\t\t\t<svg aria-hidden=\"true\" class=\"e-font-icon-svg e-fab-whatsapp\" viewBox=\"0 0 448 512\" xmlns=\"http:\/\/www.w3.org\/2000\/svg\"><path d=\"M380.9 97.1C339 55.1 283.2 32 223.9 32c-122.4 0-222 99.6-222 222 0 39.1 10.2 77.3 29.6 111L0 480l117.7-30.9c32.4 17.7 68.9 27 106.1 27h.1c122.3 0 224.1-99.6 224.1-222 0-59.3-25.2-115-67.1-157zm-157 341.6c-33.2 0-65.7-8.9-94-25.7l-6.7-4-69.8 18.3L72 359.2l-4.4-7c-18.5-29.4-28.2-63.3-28.2-98.2 0-101.7 82.8-184.5 184.6-184.5 49.3 0 95.6 19.2 130.4 54.1 34.8 34.9 56.2 81.2 56.1 130.5 0 101.8-84.9 184.6-186.6 184.6zm101.2-138.2c-5.5-2.8-32.8-16.2-37.9-18-5.1-1.9-8.8-2.8-12.5 2.8-3.7 5.6-14.3 18-17.6 21.8-3.2 3.7-6.5 4.2-12 1.4-32.6-16.3-54-29.1-75.5-66-5.7-9.8 5.7-9.1 16.3-30.3 1.8-3.7.9-6.9-.5-9.7-1.4-2.8-12.5-30.1-17.1-41.2-4.5-10.8-9.1-9.3-12.5-9.5-3.2-.2-6.9-.2-10.6-.2-3.7 0-9.7 1.4-14.8 6.9-5.1 5.6-19.4 19-19.4 46.3 0 27.3 19.9 53.7 22.6 57.4 2.8 3.7 39.1 59.7 94.8 83.8 35.2 15.2 49 16.5 66.6 13.9 10.7-1.6 32.8-13.4 37.4-26.4 4.6-13 4.6-24.1 3.2-26.4-1.3-2.5-5-3.9-10.5-6.6z\"><\/path><\/svg>\t\t\t\t\t\t<\/span>\n\t\t\t\t\t\t\t\t\t\t<span class=\"elementor-icon-list-text\">+352 691 141 766<\/span>\n\t\t\t\t\t\t\t\t\t<\/li>\n\t\t\t\t\t\t\t\t<li class=\"elementor-icon-list-item\">\n\t\t\t\t\t\t\t\t\t\t\t<a href=\"mailto:info@delatrust.lu\">\n\n\t\t\t\t\t\t\t\t\t\t\t\t<span class=\"elementor-icon-list-icon\">\n\t\t\t\t\t\t\t<svg aria-hidden=\"true\" class=\"e-font-icon-svg e-fas-envelope\" viewBox=\"0 0 512 512\" xmlns=\"http:\/\/www.w3.org\/2000\/svg\"><path d=\"M502.3 190.8c3.9-3.1 9.7-.2 9.7 4.7V400c0 26.5-21.5 48-48 48H48c-26.5 0-48-21.5-48-48V195.6c0-5 5.7-7.8 9.7-4.7 22.4 17.4 52.1 39.5 154.1 113.6 21.1 15.4 56.7 47.8 92.2 47.6 35.7.3 72-32.8 92.3-47.6 102-74.1 131.6-96.3 154-113.7zM256 320c23.2.4 56.6-29.2 73.4-41.4 132.7-96.3 142.8-104.7 173.4-128.7 5.8-4.5 9.2-11.5 9.2-18.9v-19c0-26.5-21.5-48-48-48H48C21.5 64 0 85.5 0 112v19c0 7.4 3.4 14.3 9.2 18.9 30.6 23.9 40.7 32.4 173.4 128.7 16.8 12.2 50.2 41.8 73.4 41.4z\"><\/path><\/svg>\t\t\t\t\t\t<\/span>\n\t\t\t\t\t\t\t\t\t\t<span class=\"elementor-icon-list-text\">info@delatrust.lu<\/span>\n\t\t\t\t\t\t\t\t\t\t\t<\/a>\n\t\t\t\t\t\t\t\t\t<\/li>\n\t\t\t\t\t\t\t\t<li class=\"elementor-icon-list-item\">\n\t\t\t\t\t\t\t\t\t\t\t<a href=\"https:\/\/www.google.com\/maps\/place\/7+Esplanade+de+la+Moselle,+6637+Wasserbillig+Mertert,+Luxembourg\/@49.7137894,6.5013335,17z\/data=!3m1!4b1!4m6!3m5!1s0x4795642cc9cd9f55:0x9c0491a197f97862!8m2!3d49.7137894!4d6.5039084!16s%2Fg%2F11y3yr82_m?entry=ttu&#038;g_ep=EgoyMDI1MTIwOS4wIKXMDSoASAFQAw%3D%3D\" target=\"_blank\" rel=\"noopener noreferrer nofollow\">\n\n\t\t\t\t\t\t\t\t\t\t\t\t<span class=\"elementor-icon-list-icon\">\n\t\t\t\t\t\t\t<svg aria-hidden=\"true\" class=\"e-font-icon-svg e-fas-map-pin\" viewBox=\"0 0 288 512\" xmlns=\"http:\/\/www.w3.org\/2000\/svg\"><path d=\"M112 316.94v156.69l22.02 33.02c4.75 7.12 15.22 7.12 19.97 0L176 473.63V316.94c-10.39 1.92-21.06 3.06-32 3.06s-21.61-1.14-32-3.06zM144 0C64.47 0 0 64.47 0 144s64.47 144 144 144 144-64.47 144-144S223.53 0 144 0zm0 76c-37.5 0-68 30.5-68 68 0 6.62-5.38 12-12 12s-12-5.38-12-12c0-50.73 41.28-92 92-92 6.62 0 12 5.38 12 12s-5.38 12-12 12z\"><\/path><\/svg>\t\t\t\t\t\t<\/span>\n\t\t\t\t\t\t\t\t\t\t<span class=\"elementor-icon-list-text\">7, Esplanade de la Moselle L-6637, Wasserbillig<\/span>\n\t\t\t\t\t\t\t\t\t\t\t<\/a>\n\t\t\t\t\t\t\t\t\t<\/li>\n\t\t\t\t\t\t<\/ul>\n\t\t\t\t\t\t<\/div>\n\t\t\t\t<div class=\"elementor-element elementor-element-19b7998 elementor-button-align-center elementor-widget elementor-widget-form\" data-id=\"19b7998\" data-element_type=\"widget\" data-settings=\"{&quot;step_next_label&quot;:&quot;Weiter&quot;,&quot;step_previous_label&quot;:&quot;Zur\\u00fcck&quot;,&quot;step_type&quot;:&quot;none&quot;,&quot;step_icon_shape&quot;:&quot;none&quot;,&quot;button_width&quot;:&quot;100&quot;}\" data-widget_type=\"form.default\">\n\t\t\t\t\t\t\t<form class=\"elementor-form\" method=\"post\" name=\"Kontakt\" aria-label=\"Kontakt\">\n\t\t\t<input type=\"hidden\" name=\"post_id\" value=\"2407\"\/>\n\t\t\t<input type=\"hidden\" name=\"form_id\" value=\"19b7998\"\/>\n\t\t\t<input type=\"hidden\" name=\"referer_title\" value=\"Kontaktieren Sie DELATRUST | Expertenkanzlei in Luxemburg\" \/>\n\n\t\t\t\t\t\t\t<input type=\"hidden\" name=\"queried_id\" value=\"2407\"\/>\n\t\t\t\n\t\t\t<div class=\"elementor-form-fields-wrapper elementor-labels-\">\n\t\t\t\t\t\t\t\t<div class=\"elementor-field-type-text elementor-field-group elementor-column elementor-field-group-name elementor-col-100 elementor-field-required\">\n\t\t\t\t\t\t\t\t\t\t\t\t<label for=\"form-field-name\" class=\"elementor-field-label elementor-screen-only\">\n\t\t\t\t\t\t\t\tIhr vollst\u00e4ndiger Name\t\t\t\t\t\t\t<\/label>\n\t\t\t\t\t\t\t\t\t\t\t\t\t\t<input size=\"1\" type=\"text\" name=\"form_fields[name]\" id=\"form-field-name\" class=\"elementor-field elementor-size-xl  elementor-field-textual\" placeholder=\"Ihr vollst\u00e4ndiger Name\" required=\"required\">\n\t\t\t\t\t\t\t\t\t\t\t<\/div>\n\t\t\t\t\t\t\t\t<div class=\"elementor-field-type-email elementor-field-group elementor-column elementor-field-group-email elementor-col-50 elementor-field-required\">\n\t\t\t\t\t\t\t\t\t\t\t\t<label for=\"form-field-email\" class=\"elementor-field-label elementor-screen-only\">\n\t\t\t\t\t\t\t\tE-Mail-Adresse\t\t\t\t\t\t\t<\/label>\n\t\t\t\t\t\t\t\t\t\t\t\t\t\t<input size=\"1\" type=\"email\" name=\"form_fields[email]\" id=\"form-field-email\" class=\"elementor-field elementor-size-xl  elementor-field-textual\" placeholder=\"Gesch\u00e4ftliche E-Mail\" required=\"required\">\n\t\t\t\t\t\t\t\t\t\t\t<\/div>\n\t\t\t\t\t\t\t\t<div class=\"elementor-field-type-tel elementor-field-group elementor-column elementor-field-group-phone elementor-col-50 elementor-field-required\">\n\t\t\t\t\t\t\t\t\t\t\t\t<label for=\"form-field-phone\" class=\"elementor-field-label elementor-screen-only\">\n\t\t\t\t\t\t\t\tTelefon\t\t\t\t\t\t\t<\/label>\n\t\t\t\t\t\t\t\t<input size=\"1\" type=\"tel\" name=\"form_fields[phone]\" id=\"form-field-phone\" class=\"elementor-field elementor-size-xl  elementor-field-textual\" placeholder=\"Telefon\" required=\"required\" pattern=\"[0-9()#&amp;+*-=.]+\" title=\"Nur Nummern oder Telefon-Zeichen (#, -, *, etc) werden akzeptiert.\">\n\n\t\t\t\t\t\t<\/div>\n\t\t\t\t\t\t\t\t<div class=\"elementor-field-type-html elementor-field-group elementor-column elementor-field-group-field_8b3deb8 elementor-col-100\">\n\t\t\t\t\tWelche Dienstleistungen w\u00fcnschen Sie? \t\t\t\t<\/div>\n\t\t\t\t\t\t\t\t<div class=\"elementor-field-type-checkbox elementor-field-group elementor-column elementor-field-group-service elementor-col-100\">\n\t\t\t\t\t\t\t\t\t\t\t\t<label for=\"form-field-service\" class=\"elementor-field-label elementor-screen-only\">\n\t\t\t\t\t\t\t\tGew\u00fcnschte Dienstleistung\t\t\t\t\t\t\t<\/label>\n\t\t\t\t\t\t<div class=\"elementor-field-subgroup  elementor-subgroup-inline\"><span class=\"elementor-field-option\"><input type=\"checkbox\" value=\"Administrative Dienstleistungen\" id=\"form-field-service-0\" name=\"form_fields[service][]\"> <label for=\"form-field-service-0\">Administrative Dienstleistungen<\/label><\/span><span class=\"elementor-field-option\"><input type=\"checkbox\" value=\"Buchhaltungsdienstleistungen\" id=\"form-field-service-1\" name=\"form_fields[service][]\"> <label for=\"form-field-service-1\">Buchhaltungsdienstleistungen<\/label><\/span><span class=\"elementor-field-option\"><input type=\"checkbox\" value=\"Steuerdienstleistungen\" id=\"form-field-service-2\" name=\"form_fields[service][]\"> <label for=\"form-field-service-2\">Steuerdienstleistungen<\/label><\/span><span class=\"elementor-field-option\"><input type=\"checkbox\" value=\"HR &amp; Lohnbuchhaltung\" id=\"form-field-service-3\" name=\"form_fields[service][]\"> <label for=\"form-field-service-3\">HR &amp; Lohnbuchhaltung<\/label><\/span><span class=\"elementor-field-option\"><input type=\"checkbox\" value=\"Sonstiges\" id=\"form-field-service-4\" name=\"form_fields[service][]\"> <label for=\"form-field-service-4\">Sonstiges<\/label><\/span><\/div>\t\t\t\t<\/div>\n\t\t\t\t\t\t\t\t<div class=\"elementor-field-type-textarea elementor-field-group elementor-column elementor-field-group-field_45fd6e0 elementor-col-100\">\n\t\t\t\t\t\t\t\t\t\t\t\t<label for=\"form-field-field_45fd6e0\" class=\"elementor-field-label elementor-screen-only\">\n\t\t\t\t\t\t\t\tNachricht\t\t\t\t\t\t\t<\/label>\n\t\t\t\t\t\t<textarea class=\"elementor-field-textual elementor-field  elementor-size-xl\" name=\"form_fields[field_45fd6e0]\" id=\"form-field-field_45fd6e0\" rows=\"5\" placeholder=\"Nachricht\"><\/textarea>\t\t\t\t<\/div>\n\t\t\t\t\t\t\t\t<div class=\"elementor-field-group elementor-column elementor-field-type-submit elementor-col-100 e-form__buttons\">\n\t\t\t\t\t<button class=\"elementor-button elementor-size-xl\" type=\"submit\">\n\t\t\t\t\t\t<span class=\"elementor-button-content-wrapper\">\n\t\t\t\t\t\t\t\t\t\t\t\t\t\t\t\t\t\t\t\t\t\t<span class=\"elementor-button-text\">Senden<\/span>\n\t\t\t\t\t\t\t\t\t\t\t\t\t<\/span>\n\t\t\t\t\t<\/button>\n\t\t\t\t<\/div>\n\t\t\t<\/div>\n\t\t<\/form>\n\t\t\t\t\t\t<\/div>\n\t\t\t\t\t<\/div>\n\t\t\t\t<\/div>\n\t\t<div class=\"elementor-element elementor-element-e862413 e-flex e-con-boxed e-con e-parent\" data-id=\"e862413\" data-element_type=\"container\" data-settings=\"{&quot;background_background&quot;:&quot;classic&quot;}\">\n\t\t\t\t\t<div class=\"e-con-inner\">\n\t\t\t\t<div class=\"elementor-element elementor-element-4ca6d807 elementor-widget elementor-widget-heading\" data-id=\"4ca6d807\" data-element_type=\"widget\" data-widget_type=\"heading.default\">\n\t\t\t\t\t<h1 class=\"elementor-heading-title elementor-size-default\">Kontaktieren Sie Ihren Wirtschaftspr\u00fcfer in Luxemburg<\/h1>\t\t\t\t<\/div>\n\t\t\t\t<div class=\"elementor-element elementor-element-5841d2a8 elementor-widget elementor-widget-text-editor\" data-id=\"5841d2a8\" data-element_type=\"widget\" data-widget_type=\"text-editor.default\">\n\t\t\t\t\t\t\t\t\tZ\u00f6gern Sie nicht, uns noch heute zu kontaktieren. Gemeinsam werden wir eine dauerhafte und profitable Zusammenarbeit f\u00fcr Ihr Unternehmen aufbauen. Vertrauen Sie der Expertise von DELATRUST, um Ihre Buchhaltungsverwaltung in Luxemburg zu optimieren.  \t\t\t\t\t\t\t\t<\/div>\n\t\t\t\t<div class=\"elementor-element elementor-element-2b9803c1 elementor-widget elementor-widget-button\" data-id=\"2b9803c1\" data-element_type=\"widget\" data-widget_type=\"button.default\">\n\t\t\t\t\t\t\t\t\t\t<a class=\"elementor-button elementor-button-link elementor-size-sm\" href=\"#contact\">\n\t\t\t\t\t\t<span class=\"elementor-button-content-wrapper\">\n\t\t\t\t\t\t\t\t\t<span class=\"elementor-button-text\">Vereinbaren Sie einen Termin mit einem Experten<\/span>\n\t\t\t\t\t<\/span>\n\t\t\t\t\t<\/a>\n\t\t\t\t\t\t\t\t<\/div>\n\t\t\t\t\t<\/div>\n\t\t\t\t<\/div>\n\t\t\t\t<\/div>\n\t\t","protected":false},"excerpt":{"rendered":"<p>Lassen Sie uns \u00fcber Ihre Bed\u00fcrfnisse sprechen Unser Team antwortet Ihnen innerhalb von 24 Stunden, um Ihre Situation zu analysieren und Ihnen konkrete L\u00f6sungen in den Bereichen Beratung, Buchhaltung und Steuern anzubieten. Vereinbaren Sie einen Termin mit einem Experten +352 691 141 766 +352 691 141 766 info@delatrust.lu 7, Esplanade de la Moselle L-6637, Wasserbillig [&hellip;]<\/p>\n","protected":false},"author":1,"featured_media":0,"parent":0,"menu_order":0,"comment_status":"closed","ping_status":"closed","template":"","meta":{"_acf_changed":false,"footnotes":""},"class_list":["post-2407","page","type-page","status-publish","hentry"],"acf":[],"yoast_head":"<!-- This site is optimized with the Yoast SEO plugin v26.5 - https:\/\/yoast.com\/wordpress\/plugins\/seo\/ -->\n<title>Kontaktieren Sie DELATRUST | Expertenkanzlei in Luxemburg<\/title>\n<meta name=\"description\" content=\"Kontaktieren Sie DELATRUST f\u00fcr Informations- oder Unterst\u00fctzungsanfragen und sprechen Sie mit einer Expertenkanzlei, die auf Ihre Bed\u00fcrfnisse eingeht.\" \/>\n<meta name=\"robots\" content=\"index, follow, max-snippet:-1, max-image-preview:large, max-video-preview:-1\" \/>\n<link rel=\"canonical\" href=\"https:\/\/www.delatrust.lu\/de\/kontaktieren-sie-uns\/\" \/>\n<meta property=\"og:locale\" content=\"de_DE\" \/>\n<meta property=\"og:type\" content=\"article\" \/>\n<meta property=\"og:title\" content=\"Kontaktieren Sie DELATRUST | Expertenkanzlei in Luxemburg\" \/>\n<meta property=\"og:description\" content=\"Kontaktieren Sie DELATRUST f\u00fcr Informations- oder Unterst\u00fctzungsanfragen und sprechen Sie mit einer Expertenkanzlei, die auf Ihre Bed\u00fcrfnisse eingeht.\" \/>\n<meta property=\"og:url\" content=\"https:\/\/www.delatrust.lu\/de\/kontaktieren-sie-uns\/\" \/>\n<meta property=\"og:site_name\" content=\"DelaTrust\" \/>\n<meta property=\"article:modified_time\" content=\"2025-12-31T11:58:45+00:00\" \/>\n<meta property=\"og:image\" content=\"https:\/\/www.delatrust.lu\/wp-content\/uploads\/2025\/10\/Hero-Contact.webp\" \/>\n\t<meta property=\"og:image:width\" content=\"1440\" \/>\n\t<meta property=\"og:image:height\" content=\"459\" \/>\n\t<meta property=\"og:image:type\" content=\"image\/webp\" \/>\n<meta name=\"twitter:card\" content=\"summary_large_image\" \/>\n<script type=\"application\/ld+json\" class=\"yoast-schema-graph\">{\"@context\":\"https:\/\/schema.org\",\"@graph\":[{\"@type\":\"WebPage\",\"@id\":\"https:\/\/www.delatrust.lu\/de\/kontaktieren-sie-uns\/\",\"url\":\"https:\/\/www.delatrust.lu\/de\/kontaktieren-sie-uns\/\",\"name\":\"Kontaktieren Sie DELATRUST | Expertenkanzlei in Luxemburg\",\"isPartOf\":{\"@id\":\"https:\/\/www.delatrust.lu\/de\/#website\"},\"primaryImageOfPage\":{\"@id\":\"https:\/\/www.delatrust.lu\/de\/kontaktieren-sie-uns\/#primaryimage\"},\"image\":{\"@id\":\"https:\/\/www.delatrust.lu\/de\/kontaktieren-sie-uns\/#primaryimage\"},\"thumbnailUrl\":\"https:\/\/www.delatrust.lu\/wp-content\/uploads\/2025\/10\/Hero-Contact.webp\",\"datePublished\":\"2025-10-05T09:17:39+00:00\",\"dateModified\":\"2025-12-31T11:58:45+00:00\",\"description\":\"Kontaktieren Sie DELATRUST f\u00fcr Informations- oder Unterst\u00fctzungsanfragen und sprechen Sie mit einer Expertenkanzlei, die auf Ihre Bed\u00fcrfnisse eingeht.\",\"breadcrumb\":{\"@id\":\"https:\/\/www.delatrust.lu\/de\/kontaktieren-sie-uns\/#breadcrumb\"},\"inLanguage\":\"de\",\"potentialAction\":[{\"@type\":\"ReadAction\",\"target\":[\"https:\/\/www.delatrust.lu\/de\/kontaktieren-sie-uns\/\"]}]},{\"@type\":\"ImageObject\",\"inLanguage\":\"de\",\"@id\":\"https:\/\/www.delatrust.lu\/de\/kontaktieren-sie-uns\/#primaryimage\",\"url\":\"https:\/\/www.delatrust.lu\/wp-content\/uploads\/2025\/10\/Hero-Contact.webp\",\"contentUrl\":\"https:\/\/www.delatrust.lu\/wp-content\/uploads\/2025\/10\/Hero-Contact.webp\"},{\"@type\":\"BreadcrumbList\",\"@id\":\"https:\/\/www.delatrust.lu\/de\/kontaktieren-sie-uns\/#breadcrumb\",\"itemListElement\":[{\"@type\":\"ListItem\",\"position\":1,\"name\":\"Accueil\",\"item\":\"https:\/\/www.delatrust.lu\/de\/startseite\/\"},{\"@type\":\"ListItem\",\"position\":2,\"name\":\"Kontaktieren Sie uns\"}]},{\"@type\":\"WebSite\",\"@id\":\"https:\/\/www.delatrust.lu\/de\/#website\",\"url\":\"https:\/\/www.delatrust.lu\/de\/\",\"name\":\"DelaTrust\",\"description\":\"Cabinet d&#039;expertise comptable au Luxembourg\",\"publisher\":{\"@id\":\"https:\/\/www.delatrust.lu\/de\/#organization\"},\"potentialAction\":[{\"@type\":\"SearchAction\",\"target\":{\"@type\":\"EntryPoint\",\"urlTemplate\":\"https:\/\/www.delatrust.lu\/de\/?s={search_term_string}\"},\"query-input\":{\"@type\":\"PropertyValueSpecification\",\"valueRequired\":true,\"valueName\":\"search_term_string\"}}],\"inLanguage\":\"de\"},{\"@type\":\"Organization\",\"@id\":\"https:\/\/www.delatrust.lu\/de\/#organization\",\"name\":\"DelaTrust\",\"url\":\"https:\/\/www.delatrust.lu\/de\/\",\"logo\":{\"@type\":\"ImageObject\",\"inLanguage\":\"de\",\"@id\":\"https:\/\/www.delatrust.lu\/de\/#\/schema\/logo\/image\/\",\"url\":\"https:\/\/www.delatrust.lu\/wp-content\/uploads\/2025\/09\/DelaTrust-Logo-Light.svg\",\"contentUrl\":\"https:\/\/www.delatrust.lu\/wp-content\/uploads\/2025\/09\/DelaTrust-Logo-Light.svg\",\"width\":250,\"height\":70,\"caption\":\"DelaTrust\"},\"image\":{\"@id\":\"https:\/\/www.delatrust.lu\/de\/#\/schema\/logo\/image\/\"}}]}<\/script>\n<!-- \/ Yoast SEO plugin. -->","yoast_head_json":{"title":"Kontaktieren Sie DELATRUST | Expertenkanzlei in Luxemburg","description":"Kontaktieren Sie DELATRUST f\u00fcr Informations- oder Unterst\u00fctzungsanfragen und sprechen Sie mit einer Expertenkanzlei, die auf Ihre Bed\u00fcrfnisse eingeht.","robots":{"index":"index","follow":"follow","max-snippet":"max-snippet:-1","max-image-preview":"max-image-preview:large","max-video-preview":"max-video-preview:-1"},"canonical":"https:\/\/www.delatrust.lu\/de\/kontaktieren-sie-uns\/","og_locale":"de_DE","og_type":"article","og_title":"Kontaktieren Sie DELATRUST | Expertenkanzlei in Luxemburg","og_description":"Kontaktieren Sie DELATRUST f\u00fcr Informations- oder Unterst\u00fctzungsanfragen und sprechen Sie mit einer Expertenkanzlei, die auf Ihre Bed\u00fcrfnisse eingeht.","og_url":"https:\/\/www.delatrust.lu\/de\/kontaktieren-sie-uns\/","og_site_name":"DelaTrust","article_modified_time":"2025-12-31T11:58:45+00:00","og_image":[{"width":1440,"height":459,"url":"https:\/\/www.delatrust.lu\/wp-content\/uploads\/2025\/10\/Hero-Contact.webp","type":"image\/webp"}],"twitter_card":"summary_large_image","schema":{"@context":"https:\/\/schema.org","@graph":[{"@type":"WebPage","@id":"https:\/\/www.delatrust.lu\/de\/kontaktieren-sie-uns\/","url":"https:\/\/www.delatrust.lu\/de\/kontaktieren-sie-uns\/","name":"Kontaktieren Sie DELATRUST | Expertenkanzlei in Luxemburg","isPartOf":{"@id":"https:\/\/www.delatrust.lu\/de\/#website"},"primaryImageOfPage":{"@id":"https:\/\/www.delatrust.lu\/de\/kontaktieren-sie-uns\/#primaryimage"},"image":{"@id":"https:\/\/www.delatrust.lu\/de\/kontaktieren-sie-uns\/#primaryimage"},"thumbnailUrl":"https:\/\/www.delatrust.lu\/wp-content\/uploads\/2025\/10\/Hero-Contact.webp","datePublished":"2025-10-05T09:17:39+00:00","dateModified":"2025-12-31T11:58:45+00:00","description":"Kontaktieren Sie DELATRUST f\u00fcr Informations- oder Unterst\u00fctzungsanfragen und sprechen Sie mit einer Expertenkanzlei, die auf Ihre Bed\u00fcrfnisse eingeht.","breadcrumb":{"@id":"https:\/\/www.delatrust.lu\/de\/kontaktieren-sie-uns\/#breadcrumb"},"inLanguage":"de","potentialAction":[{"@type":"ReadAction","target":["https:\/\/www.delatrust.lu\/de\/kontaktieren-sie-uns\/"]}]},{"@type":"ImageObject","inLanguage":"de","@id":"https:\/\/www.delatrust.lu\/de\/kontaktieren-sie-uns\/#primaryimage","url":"https:\/\/www.delatrust.lu\/wp-content\/uploads\/2025\/10\/Hero-Contact.webp","contentUrl":"https:\/\/www.delatrust.lu\/wp-content\/uploads\/2025\/10\/Hero-Contact.webp"},{"@type":"BreadcrumbList","@id":"https:\/\/www.delatrust.lu\/de\/kontaktieren-sie-uns\/#breadcrumb","itemListElement":[{"@type":"ListItem","position":1,"name":"Accueil","item":"https:\/\/www.delatrust.lu\/de\/startseite\/"},{"@type":"ListItem","position":2,"name":"Kontaktieren Sie uns"}]},{"@type":"WebSite","@id":"https:\/\/www.delatrust.lu\/de\/#website","url":"https:\/\/www.delatrust.lu\/de\/","name":"DelaTrust","description":"Cabinet d&#039;expertise comptable au Luxembourg","publisher":{"@id":"https:\/\/www.delatrust.lu\/de\/#organization"},"potentialAction":[{"@type":"SearchAction","target":{"@type":"EntryPoint","urlTemplate":"https:\/\/www.delatrust.lu\/de\/?s={search_term_string}"},"query-input":{"@type":"PropertyValueSpecification","valueRequired":true,"valueName":"search_term_string"}}],"inLanguage":"de"},{"@type":"Organization","@id":"https:\/\/www.delatrust.lu\/de\/#organization","name":"DelaTrust","url":"https:\/\/www.delatrust.lu\/de\/","logo":{"@type":"ImageObject","inLanguage":"de","@id":"https:\/\/www.delatrust.lu\/de\/#\/schema\/logo\/image\/","url":"https:\/\/www.delatrust.lu\/wp-content\/uploads\/2025\/09\/DelaTrust-Logo-Light.svg","contentUrl":"https:\/\/www.delatrust.lu\/wp-content\/uploads\/2025\/09\/DelaTrust-Logo-Light.svg","width":250,"height":70,"caption":"DelaTrust"},"image":{"@id":"https:\/\/www.delatrust.lu\/de\/#\/schema\/logo\/image\/"}}]}},"_links":{"self":[{"href":"https:\/\/www.delatrust.lu\/de\/wp-json\/wp\/v2\/pages\/2407","targetHints":{"allow":["GET"]}}],"collection":[{"href":"https:\/\/www.delatrust.lu\/de\/wp-json\/wp\/v2\/pages"}],"about":[{"href":"https:\/\/www.delatrust.lu\/de\/wp-json\/wp\/v2\/types\/page"}],"author":[{"embeddable":true,"href":"https:\/\/www.delatrust.lu\/de\/wp-json\/wp\/v2\/users\/1"}],"replies":[{"embeddable":true,"href":"https:\/\/www.delatrust.lu\/de\/wp-json\/wp\/v2\/comments?post=2407"}],"version-history":[{"count":1,"href":"https:\/\/www.delatrust.lu\/de\/wp-json\/wp\/v2\/pages\/2407\/revisions"}],"predecessor-version":[{"id":2409,"href":"https:\/\/www.delatrust.lu\/de\/wp-json\/wp\/v2\/pages\/2407\/revisions\/2409"}],"wp:attachment":[{"href":"https:\/\/www.delatrust.lu\/de\/wp-json\/wp\/v2\/media?parent=2407"}],"curies":[{"name":"wp","href":"https:\/\/api.w.org\/{rel}","templated":true}]}}