{"id":2305,"date":"2025-12-12T15:32:43","date_gmt":"2025-12-12T14:32:43","guid":{"rendered":"https:\/\/www.delatrust.lu\/nuetzliche-links\/"},"modified":"2025-12-31T12:31:01","modified_gmt":"2025-12-31T11:31:01","slug":"nuetzliche-links","status":"publish","type":"page","link":"https:\/\/www.delatrust.lu\/de\/ressourcen\/nuetzliche-links\/","title":{"rendered":"N\u00fctzliche Links"},"content":{"rendered":"\t\t<div data-elementor-type=\"wp-page\" data-elementor-id=\"2305\" class=\"elementor elementor-2305 elementor-1567\" data-elementor-post-type=\"page\">\n\t\t\t\t<div class=\"elementor-element elementor-element-7c8ef309 e-flex e-con-boxed e-con e-parent\" data-id=\"7c8ef309\" data-element_type=\"container\" data-settings=\"{&quot;background_background&quot;:&quot;classic&quot;}\">\n\t\t\t\t\t<div class=\"e-con-inner\">\n\t\t<div class=\"elementor-element elementor-element-37308803 e-con-full e-flex e-con e-child\" data-id=\"37308803\" data-element_type=\"container\">\n\t\t\t\t<div class=\"elementor-element elementor-element-355f5ee0 elementor-widget__width-initial elementor-widget elementor-widget-heading\" data-id=\"355f5ee0\" data-element_type=\"widget\" data-widget_type=\"heading.default\">\n\t\t\t\t\t<h1 class=\"elementor-heading-title elementor-size-default\">N\u00fctzliche Links<\/h1>\t\t\t\t<\/div>\n\t\t\t\t<div class=\"elementor-element elementor-element-eb580a8 elementor-widget elementor-widget-text-editor\" data-id=\"eb580a8\" data-element_type=\"widget\" data-widget_type=\"text-editor.default\">\n\t\t\t\t\t\t\t\t\t<p>Greifen Sie schnell auf die wichtigsten Organisationen und Verwaltungen zu, die f\u00fcr die Verwaltung Ihrer T\u00e4tigkeit in Luxemburg n\u00fctzlich sind.<\/p>\t\t\t\t\t\t\t\t<\/div>\n\t\t\t\t<\/div>\n\t\t\t\t\t<\/div>\n\t\t\t\t<\/div>\n\t\t<div class=\"elementor-element elementor-element-52cf3550 e-con-full e-flex e-con e-parent\" data-id=\"52cf3550\" data-element_type=\"container\">\n\t\t\t\t<div class=\"elementor-element elementor-element-56dcdcb elementor-absolute elementor-view-default elementor-widget elementor-widget-icon\" data-id=\"56dcdcb\" data-element_type=\"widget\" data-settings=\"{&quot;_position&quot;:&quot;absolute&quot;}\" data-widget_type=\"icon.default\">\n\t\t\t\t\t\t\t<div class=\"elementor-icon-wrapper\">\n\t\t\t<div class=\"elementor-icon\">\n\t\t\t<svg xmlns=\"http:\/\/www.w3.org\/2000\/svg\" viewBox=\"0 0 116 116\" width=\"116\" height=\"116\"><path d=\"m0.4 116c10 0 19.6-4 26.6-11l89-89v100\"><\/path><\/svg>\t\t\t<\/div>\n\t\t<\/div>\n\t\t\t\t\t\t<\/div>\n\t\t\t\t<div class=\"elementor-element elementor-element-39bcb675 elementor-widget elementor-widget-image\" data-id=\"39bcb675\" data-element_type=\"widget\" data-widget_type=\"image.default\">\n\t\t\t\t\t\t\t\t\t\t\t\t\t\t\t<img fetchpriority=\"high\" decoding=\"async\" width=\"1440\" height=\"460\" src=\"https:\/\/www.delatrust.lu\/wp-content\/uploads\/2025\/10\/Guides.webp\" class=\"attachment-full size-full wp-image-2268\" alt=\"\" srcset=\"https:\/\/www.delatrust.lu\/wp-content\/uploads\/2025\/10\/Guides.webp 1440w, https:\/\/www.delatrust.lu\/wp-content\/uploads\/2025\/10\/Guides-300x96.webp 300w, https:\/\/www.delatrust.lu\/wp-content\/uploads\/2025\/10\/Guides-1024x327.webp 1024w, https:\/\/www.delatrust.lu\/wp-content\/uploads\/2025\/10\/Guides-768x245.webp 768w\" sizes=\"(max-width: 1440px) 100vw, 1440px\" loading=\"eager\" \/>\t\t\t\t\t\t\t\t\t\t\t\t\t\t\t<\/div>\n\t\t\t\t<\/div>\n\t\t<div class=\"elementor-element elementor-element-260a810f e-flex e-con-boxed e-con e-parent\" data-id=\"260a810f\" data-element_type=\"container\" data-settings=\"{&quot;background_background&quot;:&quot;classic&quot;}\">\n\t\t\t\t\t<div class=\"e-con-inner\">\n\t\t<div class=\"elementor-element elementor-element-43985af5 e-con-full e-flex e-con e-child\" data-id=\"43985af5\" data-element_type=\"container\">\n\t\t\t\t<div class=\"elementor-element elementor-element-57a331b3 elementor-widget elementor-widget-heading\" data-id=\"57a331b3\" data-element_type=\"widget\" data-widget_type=\"heading.default\">\n\t\t\t\t\t<h2 class=\"elementor-heading-title elementor-size-default\">N\u00fctzliche Links<\/h2>\t\t\t\t<\/div>\n\t\t\t\t<div class=\"elementor-element elementor-element-148fdcd9 elementor-widget elementor-widget-heading\" data-id=\"148fdcd9\" data-element_type=\"widget\" data-widget_type=\"heading.default\">\n\t\t\t\t\t<h5 class=\"elementor-heading-title elementor-size-default\">Greifen Sie schnell auf die wichtigsten Organisationen und Verwaltungen zu, die f\u00fcr die Verwaltung Ihrer T\u00e4tigkeit in Luxemburg n\u00fctzlich sind.<\/h5>\t\t\t\t<\/div>\n\t\t\t\t<\/div>\n\t\t<div class=\"elementor-element elementor-element-3c887cc8 e-con-full e-flex e-con e-child\" data-id=\"3c887cc8\" data-element_type=\"container\">\n\t\t\t\t<div class=\"elementor-element elementor-element-d6095f1 elementor-widget-tablet__width-initial elementor-widget-mobile__width-inherit elementor-widget__width-initial elementor-position-top elementor-widget elementor-widget-image-box\" data-id=\"d6095f1\" data-element_type=\"widget\" data-widget_type=\"image-box.default\">\n\t\t\t\t\t<div class=\"elementor-image-box-wrapper\"><figure class=\"elementor-image-box-img\"><a href=\"https:\/\/impotsdirects.public.lu\/fr.html\" tabindex=\"-1\" target=\"_blank\" rel=\"noopener noreferrer nofollow\"><img decoding=\"async\" width=\"322\" height=\"169\" src=\"https:\/\/www.delatrust.lu\/wp-content\/uploads\/2025\/12\/1.png\" class=\"elementor-animation-grow attachment-full size-full wp-image-2308\" alt=\"ACD \u2013 N\u00fctzliche Links delatrust\" loading=\"eager\" srcset=\"https:\/\/www.delatrust.lu\/wp-content\/uploads\/2025\/12\/1.png 322w, https:\/\/www.delatrust.lu\/wp-content\/uploads\/2025\/12\/1-300x157.png 300w\" sizes=\"(max-width: 322px) 100vw, 322px\" \/><\/a><\/figure><div class=\"elementor-image-box-content\"><h4 class=\"elementor-image-box-title\"><a href=\"https:\/\/impotsdirects.public.lu\/fr.html\" target=\"_blank\" rel=\"noopener noreferrer nofollow\">ACD \u2013 Direkte Steuerverwaltung<\/a><\/h4><p class=\"elementor-image-box-description\">Die Direkte Steuerverwaltung (ACD) ist die luxemburgische \u00f6ffentliche Einrichtung, die f\u00fcr die Verwaltung, Kontrolle und Eintreibung der direkten Steuern zust\u00e4ndig ist.\nSie betrifft sowohl nat\u00fcrliche als auch juristische Personen und ist insbesondere f\u00fcr die Einkommensteuer, die Verm\u00f6gensteuer und die K\u00f6rperschaftsteuer zust\u00e4ndig.<\/p><\/div><\/div>\t\t\t\t<\/div>\n\t\t\t\t<div class=\"elementor-element elementor-element-18cefb6d elementor-widget-tablet__width-initial elementor-widget-mobile__width-inherit elementor-widget__width-initial elementor-position-top elementor-widget elementor-widget-image-box\" data-id=\"18cefb6d\" data-element_type=\"widget\" data-widget_type=\"image-box.default\">\n\t\t\t\t\t<div class=\"elementor-image-box-wrapper\"><figure class=\"elementor-image-box-img\"><a href=\"https:\/\/ccss.public.lu\/fr.html\" tabindex=\"-1\" target=\"_blank\" rel=\"noopener noreferrer nofollow\"><img decoding=\"async\" width=\"322\" height=\"169\" src=\"https:\/\/www.delatrust.lu\/wp-content\/uploads\/2025\/12\/2.png\" class=\"elementor-animation-grow attachment-full size-full wp-image-2306\" alt=\"CCS Logo \u2013 Delatrust Luxemburg\" loading=\"eager\" srcset=\"https:\/\/www.delatrust.lu\/wp-content\/uploads\/2025\/12\/2.png 322w, https:\/\/www.delatrust.lu\/wp-content\/uploads\/2025\/12\/2-300x157.png 300w\" sizes=\"(max-width: 322px) 100vw, 322px\" \/><\/a><\/figure><div class=\"elementor-image-box-content\"><h4 class=\"elementor-image-box-title\"><a href=\"https:\/\/ccss.public.lu\/fr.html\" target=\"_blank\" rel=\"noopener noreferrer nofollow\">CCSS \u2013 Gemeinsames Zentrum der sozialen Sicherheit<\/a><\/h4><p class=\"elementor-image-box-description\">Das Gemeinsame Zentrum der sozialen Sicherheit (CCSS) ist die f\u00fcr die Verwaltung der Sozialversicherungszugeh\u00f6rigkeiten in Luxemburg zust\u00e4ndige Stelle.\nEs k\u00fcmmert sich um die Anmeldung von Arbeitgebern und Arbeitnehmern sowie um die Verwaltung und den Einzug der Sozialversicherungsbeitr\u00e4ge.\n<\/p><\/div><\/div>\t\t\t\t<\/div>\n\t\t\t\t<div class=\"elementor-element elementor-element-353a255e elementor-widget-tablet__width-initial elementor-widget-mobile__width-inherit elementor-widget__width-initial elementor-position-top elementor-widget elementor-widget-image-box\" data-id=\"353a255e\" data-element_type=\"widget\" data-widget_type=\"image-box.default\">\n\t\t\t\t\t<div class=\"elementor-image-box-wrapper\"><figure class=\"elementor-image-box-img\"><a href=\"https:\/\/aed.gouvernement.lu\/\" tabindex=\"-1\" target=\"_blank\" rel=\"noopener noreferrer nofollow\"><img decoding=\"async\" width=\"322\" height=\"169\" src=\"https:\/\/www.delatrust.lu\/wp-content\/uploads\/2025\/12\/3.png\" class=\"elementor-animation-grow attachment-full size-full wp-image-2307\" alt=\"AED \u2013 Verwaltung f\u00fcr Registrierung, Dom\u00e4nen und Mehrwertsteuer\" loading=\"eager\" srcset=\"https:\/\/www.delatrust.lu\/wp-content\/uploads\/2025\/12\/3.png 322w, https:\/\/www.delatrust.lu\/wp-content\/uploads\/2025\/12\/3-300x157.png 300w\" sizes=\"(max-width: 322px) 100vw, 322px\" \/><\/a><\/figure><div class=\"elementor-image-box-content\"><h4 class=\"elementor-image-box-title\"><a href=\"https:\/\/aed.gouvernement.lu\/\" target=\"_blank\" rel=\"noopener noreferrer nofollow\">AED \u2013 Verwaltung f\u00fcr Registrierung, Dom\u00e4nen und Mehrwertsteuer<\/a><\/h4><p class=\"elementor-image-box-description\">Die Verwaltung f\u00fcr Registrierung, Dom\u00e4nen und Mehrwertsteuer (AED) ist f\u00fcr die Erhebung der Mehrwertsteuer, der Registrierungsgeb\u00fchren, der Erbschaftssteuern sowie bestimmter indirekter Steuern in Luxemburg zust\u00e4ndig.\nSie spielt auch eine Schl\u00fcsselrolle bei Verfahren im Zusammenhang mit Immobilientransaktionen und indirekten Steuerpflichten.<\/p><\/div><\/div>\t\t\t\t<\/div>\n\t\t\t\t<\/div>\n\t\t<div class=\"elementor-element elementor-element-826334b e-con-full e-flex e-con e-child\" data-id=\"826334b\" data-element_type=\"container\">\n\t\t\t\t<div class=\"elementor-element elementor-element-6bd7643 elementor-widget-tablet__width-initial elementor-widget-mobile__width-inherit elementor-widget__width-initial elementor-position-top elementor-widget elementor-widget-image-box\" data-id=\"6bd7643\" data-element_type=\"widget\" data-widget_type=\"image-box.default\">\n\t\t\t\t\t<div class=\"elementor-image-box-wrapper\"><figure class=\"elementor-image-box-img\"><a href=\"https:\/\/oec.lu\/\" tabindex=\"-1\" target=\"_blank\" rel=\"noopener noreferrer nofollow\"><img decoding=\"async\" width=\"322\" height=\"169\" src=\"https:\/\/www.delatrust.lu\/wp-content\/uploads\/2025\/12\/OEC-Ordre-des-experts-comptables.png\" class=\"elementor-animation-grow attachment-full size-full wp-image-2309\" alt=\"OEC \u2013 Kammer der Wirtschaftspr\u00fcfer\" loading=\"eager\" srcset=\"https:\/\/www.delatrust.lu\/wp-content\/uploads\/2025\/12\/OEC-Ordre-des-experts-comptables.png 322w, https:\/\/www.delatrust.lu\/wp-content\/uploads\/2025\/12\/OEC-Ordre-des-experts-comptables-300x157.png 300w\" sizes=\"(max-width: 322px) 100vw, 322px\" \/><\/a><\/figure><div class=\"elementor-image-box-content\"><h4 class=\"elementor-image-box-title\"><a href=\"https:\/\/oec.lu\/\" target=\"_blank\" rel=\"noopener noreferrer nofollow\">OEC \u2013 Kammer der Wirtschaftspr\u00fcfer Luxemburgs<\/a><\/h4><p class=\"elementor-image-box-description\">Die Kammer der Wirtschaftspr\u00fcfer (OEC) ist die Berufsorganisation, die die Wirtschaftspr\u00fcfer in Luxemburg beaufsichtigt und vertritt. Sie achtet auf die Einhaltung ethischer Regeln, die Qualit\u00e4t der Buchhaltungs-, Steuer- und Finanzdienstleistungen sowie den Schutz von Unternehmen und Privatpersonen, die einen zugelassenen Wirtschaftspr\u00fcfer beauftragen. Die Website der OEC erm\u00f6glicht es insbesondere, die Registrierung eines Fachmanns zu \u00fcberpr\u00fcfen und Informationen \u00fcber den Berufsstand zu erhalten.  <\/p><\/div><\/div>\t\t\t\t<\/div>\n\t\t\t\t<div class=\"elementor-element elementor-element-7ea7412 elementor-widget-tablet__width-initial elementor-widget-mobile__width-inherit elementor-widget__width-initial elementor-hidden-widescreen elementor-hidden-desktop elementor-hidden-laptop elementor-hidden-tablet_extra elementor-hidden-tablet elementor-hidden-mobile_extra elementor-hidden-mobile elementor-position-top elementor-widget elementor-widget-image-box\" data-id=\"7ea7412\" data-element_type=\"widget\" data-widget_type=\"image-box.default\">\n\t\t\t\t\t<div class=\"elementor-image-box-wrapper\"><figure class=\"elementor-image-box-img\"><a href=\"https:\/\/ccss.public.lu\/fr.html\" tabindex=\"-1\" target=\"_blank\" rel=\"noopener noreferrer nofollow\"><img decoding=\"async\" width=\"322\" height=\"169\" src=\"https:\/\/www.delatrust.lu\/wp-content\/uploads\/2025\/12\/2.png\" class=\"elementor-animation-grow attachment-full size-full wp-image-2306\" alt=\"CCS Logo \u2013 Delatrust Luxemburg\" loading=\"eager\" srcset=\"https:\/\/www.delatrust.lu\/wp-content\/uploads\/2025\/12\/2.png 322w, https:\/\/www.delatrust.lu\/wp-content\/uploads\/2025\/12\/2-300x157.png 300w\" sizes=\"(max-width: 322px) 100vw, 322px\" \/><\/a><\/figure><div class=\"elementor-image-box-content\"><h4 class=\"elementor-image-box-title\"><a href=\"https:\/\/ccss.public.lu\/fr.html\" target=\"_blank\" rel=\"noopener noreferrer nofollow\">CCSS \u2013 Gemeinsames Zentrum der sozialen Sicherheit<\/a><\/h4><p class=\"elementor-image-box-description\">Das Gemeinsame Zentrum der sozialen Sicherheit (CCSS) ist die f\u00fcr die Verwaltung der Sozialversicherungszugeh\u00f6rigkeiten in Luxemburg zust\u00e4ndige Stelle.\nEs k\u00fcmmert sich um die Anmeldung von Arbeitgebern und Arbeitnehmern sowie um die Verwaltung und den Einzug der Sozialversicherungsbeitr\u00e4ge.\n<\/p><\/div><\/div>\t\t\t\t<\/div>\n\t\t\t\t<div class=\"elementor-element elementor-element-2bc4ee7 elementor-widget-tablet__width-initial elementor-widget-mobile__width-inherit elementor-widget__width-initial elementor-hidden-widescreen elementor-hidden-desktop elementor-hidden-laptop elementor-hidden-tablet_extra elementor-hidden-tablet elementor-hidden-mobile_extra elementor-hidden-mobile elementor-position-top elementor-widget elementor-widget-image-box\" data-id=\"2bc4ee7\" data-element_type=\"widget\" data-widget_type=\"image-box.default\">\n\t\t\t\t\t<div class=\"elementor-image-box-wrapper\"><figure class=\"elementor-image-box-img\"><a href=\"https:\/\/aed.gouvernement.lu\/\" tabindex=\"-1\" target=\"_blank\" rel=\"noopener noreferrer nofollow\"><img decoding=\"async\" width=\"322\" height=\"169\" src=\"https:\/\/www.delatrust.lu\/wp-content\/uploads\/2025\/12\/3.png\" class=\"elementor-animation-grow attachment-full size-full wp-image-2307\" alt=\"AED \u2013 Verwaltung f\u00fcr Registrierung, Dom\u00e4nen und Mehrwertsteuer\" loading=\"eager\" srcset=\"https:\/\/www.delatrust.lu\/wp-content\/uploads\/2025\/12\/3.png 322w, https:\/\/www.delatrust.lu\/wp-content\/uploads\/2025\/12\/3-300x157.png 300w\" sizes=\"(max-width: 322px) 100vw, 322px\" \/><\/a><\/figure><div class=\"elementor-image-box-content\"><h4 class=\"elementor-image-box-title\"><a href=\"https:\/\/aed.gouvernement.lu\/\" target=\"_blank\" rel=\"noopener noreferrer nofollow\">AED \u2013 Verwaltung f\u00fcr Registrierung, Dom\u00e4nen und Mehrwertsteuer<\/a><\/h4><p class=\"elementor-image-box-description\">Die Verwaltung f\u00fcr Registrierung, Dom\u00e4nen und Mehrwertsteuer (AED) ist f\u00fcr die Erhebung der Mehrwertsteuer, der Registrierungsgeb\u00fchren, der Erbschaftssteuern sowie bestimmter indirekter Steuern in Luxemburg zust\u00e4ndig.\nSie spielt auch eine Schl\u00fcsselrolle bei Verfahren im Zusammenhang mit Immobilientransaktionen und indirekten Steuerpflichten.<\/p><\/div><\/div>\t\t\t\t<\/div>\n\t\t\t\t<\/div>\n\t\t\t\t\t<\/div>\n\t\t\t\t<\/div>\n\t\t\t\t<\/div>\n\t\t","protected":false},"excerpt":{"rendered":"<p>N\u00fctzliche Links Greifen Sie schnell auf die wichtigsten Organisationen und Verwaltungen zu, die f\u00fcr die Verwaltung Ihrer T\u00e4tigkeit in Luxemburg n\u00fctzlich sind. N\u00fctzliche Links Greifen Sie schnell auf die wichtigsten Organisationen und Verwaltungen zu, die f\u00fcr die Verwaltung Ihrer T\u00e4tigkeit in Luxemburg n\u00fctzlich sind. ACD \u2013 Direkte Steuerverwaltung Die Direkte Steuerverwaltung (ACD) ist die luxemburgische [&hellip;]<\/p>\n","protected":false},"author":1,"featured_media":0,"parent":2333,"menu_order":0,"comment_status":"closed","ping_status":"closed","template":"","meta":{"_acf_changed":false,"footnotes":""},"class_list":["post-2305","page","type-page","status-publish","hentry"],"acf":[],"yoast_head":"<!-- This site is optimized with the Yoast SEO plugin v26.5 - https:\/\/yoast.com\/wordpress\/plugins\/seo\/ -->\n<title>N\u00fctzliche Links | Praktische Ressourcen DELATRUST<\/title>\n<meta name=\"description\" content=\"Hier finden Sie eine Auswahl n\u00fctzlicher Links, um auf offizielle Ressourcen und wichtige Informationen zu Steuern und Verwaltung zuzugreifen.\" \/>\n<meta name=\"robots\" content=\"index, follow, max-snippet:-1, max-image-preview:large, max-video-preview:-1\" \/>\n<link rel=\"canonical\" href=\"https:\/\/www.delatrust.lu\/de\/ressourcen\/nuetzliche-links\/\" \/>\n<meta property=\"og:locale\" content=\"de_DE\" \/>\n<meta property=\"og:type\" content=\"article\" \/>\n<meta property=\"og:title\" content=\"N\u00fctzliche Links | Praktische Ressourcen DELATRUST\" \/>\n<meta property=\"og:description\" content=\"Hier finden Sie eine Auswahl n\u00fctzlicher Links, um auf offizielle Ressourcen und wichtige Informationen zu Steuern und Verwaltung zuzugreifen.\" \/>\n<meta property=\"og:url\" content=\"https:\/\/www.delatrust.lu\/de\/ressourcen\/nuetzliche-links\/\" \/>\n<meta property=\"og:site_name\" content=\"DelaTrust\" \/>\n<meta property=\"article:modified_time\" content=\"2025-12-31T11:31:01+00:00\" \/>\n<meta property=\"og:image\" content=\"https:\/\/www.delatrust.lu\/wp-content\/uploads\/2025\/10\/Guides.webp\" \/>\n\t<meta property=\"og:image:width\" content=\"1440\" \/>\n\t<meta property=\"og:image:height\" content=\"460\" \/>\n\t<meta property=\"og:image:type\" content=\"image\/webp\" \/>\n<meta name=\"twitter:card\" content=\"summary_large_image\" \/>\n<meta name=\"twitter:label1\" content=\"Gesch\u00e4tzte Lesezeit\" \/>\n\t<meta name=\"twitter:data1\" content=\"2\u00a0Minuten\" \/>\n<script type=\"application\/ld+json\" class=\"yoast-schema-graph\">{\"@context\":\"https:\/\/schema.org\",\"@graph\":[{\"@type\":\"WebPage\",\"@id\":\"https:\/\/www.delatrust.lu\/de\/ressourcen\/nuetzliche-links\/\",\"url\":\"https:\/\/www.delatrust.lu\/de\/ressourcen\/nuetzliche-links\/\",\"name\":\"N\u00fctzliche Links | Praktische Ressourcen DELATRUST\",\"isPartOf\":{\"@id\":\"https:\/\/www.delatrust.lu\/de\/#website\"},\"primaryImageOfPage\":{\"@id\":\"https:\/\/www.delatrust.lu\/de\/ressourcen\/nuetzliche-links\/#primaryimage\"},\"image\":{\"@id\":\"https:\/\/www.delatrust.lu\/de\/ressourcen\/nuetzliche-links\/#primaryimage\"},\"thumbnailUrl\":\"https:\/\/www.delatrust.lu\/wp-content\/uploads\/2025\/10\/Guides.webp\",\"datePublished\":\"2025-12-12T14:32:43+00:00\",\"dateModified\":\"2025-12-31T11:31:01+00:00\",\"description\":\"Hier finden Sie eine Auswahl n\u00fctzlicher Links, um auf offizielle Ressourcen und wichtige Informationen zu Steuern und Verwaltung zuzugreifen.\",\"breadcrumb\":{\"@id\":\"https:\/\/www.delatrust.lu\/de\/ressourcen\/nuetzliche-links\/#breadcrumb\"},\"inLanguage\":\"de\",\"potentialAction\":[{\"@type\":\"ReadAction\",\"target\":[\"https:\/\/www.delatrust.lu\/de\/ressourcen\/nuetzliche-links\/\"]}]},{\"@type\":\"ImageObject\",\"inLanguage\":\"de\",\"@id\":\"https:\/\/www.delatrust.lu\/de\/ressourcen\/nuetzliche-links\/#primaryimage\",\"url\":\"https:\/\/www.delatrust.lu\/wp-content\/uploads\/2025\/10\/Guides.webp\",\"contentUrl\":\"https:\/\/www.delatrust.lu\/wp-content\/uploads\/2025\/10\/Guides.webp\"},{\"@type\":\"BreadcrumbList\",\"@id\":\"https:\/\/www.delatrust.lu\/de\/ressourcen\/nuetzliche-links\/#breadcrumb\",\"itemListElement\":[{\"@type\":\"ListItem\",\"position\":1,\"name\":\"Accueil\",\"item\":\"https:\/\/www.delatrust.lu\/de\/startseite\/\"},{\"@type\":\"ListItem\",\"position\":2,\"name\":\"Ressourcen\",\"item\":\"https:\/\/www.delatrust.lu\/de\/ressourcen\/\"},{\"@type\":\"ListItem\",\"position\":3,\"name\":\"N\u00fctzliche Links\"}]},{\"@type\":\"WebSite\",\"@id\":\"https:\/\/www.delatrust.lu\/de\/#website\",\"url\":\"https:\/\/www.delatrust.lu\/de\/\",\"name\":\"DelaTrust\",\"description\":\"Cabinet d&#039;expertise comptable au Luxembourg\",\"publisher\":{\"@id\":\"https:\/\/www.delatrust.lu\/de\/#organization\"},\"potentialAction\":[{\"@type\":\"SearchAction\",\"target\":{\"@type\":\"EntryPoint\",\"urlTemplate\":\"https:\/\/www.delatrust.lu\/de\/?s={search_term_string}\"},\"query-input\":{\"@type\":\"PropertyValueSpecification\",\"valueRequired\":true,\"valueName\":\"search_term_string\"}}],\"inLanguage\":\"de\"},{\"@type\":\"Organization\",\"@id\":\"https:\/\/www.delatrust.lu\/de\/#organization\",\"name\":\"DelaTrust\",\"url\":\"https:\/\/www.delatrust.lu\/de\/\",\"logo\":{\"@type\":\"ImageObject\",\"inLanguage\":\"de\",\"@id\":\"https:\/\/www.delatrust.lu\/de\/#\/schema\/logo\/image\/\",\"url\":\"https:\/\/www.delatrust.lu\/wp-content\/uploads\/2025\/09\/DelaTrust-Logo-Light.svg\",\"contentUrl\":\"https:\/\/www.delatrust.lu\/wp-content\/uploads\/2025\/09\/DelaTrust-Logo-Light.svg\",\"width\":250,\"height\":70,\"caption\":\"DelaTrust\"},\"image\":{\"@id\":\"https:\/\/www.delatrust.lu\/de\/#\/schema\/logo\/image\/\"}}]}<\/script>\n<!-- \/ Yoast SEO plugin. -->","yoast_head_json":{"title":"N\u00fctzliche Links | Praktische Ressourcen DELATRUST","description":"Hier finden Sie eine Auswahl n\u00fctzlicher Links, um auf offizielle Ressourcen und wichtige Informationen zu Steuern und Verwaltung zuzugreifen.","robots":{"index":"index","follow":"follow","max-snippet":"max-snippet:-1","max-image-preview":"max-image-preview:large","max-video-preview":"max-video-preview:-1"},"canonical":"https:\/\/www.delatrust.lu\/de\/ressourcen\/nuetzliche-links\/","og_locale":"de_DE","og_type":"article","og_title":"N\u00fctzliche Links | Praktische Ressourcen DELATRUST","og_description":"Hier finden Sie eine Auswahl n\u00fctzlicher Links, um auf offizielle Ressourcen und wichtige Informationen zu Steuern und Verwaltung zuzugreifen.","og_url":"https:\/\/www.delatrust.lu\/de\/ressourcen\/nuetzliche-links\/","og_site_name":"DelaTrust","article_modified_time":"2025-12-31T11:31:01+00:00","og_image":[{"width":1440,"height":460,"url":"https:\/\/www.delatrust.lu\/wp-content\/uploads\/2025\/10\/Guides.webp","type":"image\/webp"}],"twitter_card":"summary_large_image","twitter_misc":{"Gesch\u00e4tzte Lesezeit":"2\u00a0Minuten"},"schema":{"@context":"https:\/\/schema.org","@graph":[{"@type":"WebPage","@id":"https:\/\/www.delatrust.lu\/de\/ressourcen\/nuetzliche-links\/","url":"https:\/\/www.delatrust.lu\/de\/ressourcen\/nuetzliche-links\/","name":"N\u00fctzliche Links | Praktische Ressourcen DELATRUST","isPartOf":{"@id":"https:\/\/www.delatrust.lu\/de\/#website"},"primaryImageOfPage":{"@id":"https:\/\/www.delatrust.lu\/de\/ressourcen\/nuetzliche-links\/#primaryimage"},"image":{"@id":"https:\/\/www.delatrust.lu\/de\/ressourcen\/nuetzliche-links\/#primaryimage"},"thumbnailUrl":"https:\/\/www.delatrust.lu\/wp-content\/uploads\/2025\/10\/Guides.webp","datePublished":"2025-12-12T14:32:43+00:00","dateModified":"2025-12-31T11:31:01+00:00","description":"Hier finden Sie eine Auswahl n\u00fctzlicher Links, um auf offizielle Ressourcen und wichtige Informationen zu Steuern und Verwaltung zuzugreifen.","breadcrumb":{"@id":"https:\/\/www.delatrust.lu\/de\/ressourcen\/nuetzliche-links\/#breadcrumb"},"inLanguage":"de","potentialAction":[{"@type":"ReadAction","target":["https:\/\/www.delatrust.lu\/de\/ressourcen\/nuetzliche-links\/"]}]},{"@type":"ImageObject","inLanguage":"de","@id":"https:\/\/www.delatrust.lu\/de\/ressourcen\/nuetzliche-links\/#primaryimage","url":"https:\/\/www.delatrust.lu\/wp-content\/uploads\/2025\/10\/Guides.webp","contentUrl":"https:\/\/www.delatrust.lu\/wp-content\/uploads\/2025\/10\/Guides.webp"},{"@type":"BreadcrumbList","@id":"https:\/\/www.delatrust.lu\/de\/ressourcen\/nuetzliche-links\/#breadcrumb","itemListElement":[{"@type":"ListItem","position":1,"name":"Accueil","item":"https:\/\/www.delatrust.lu\/de\/startseite\/"},{"@type":"ListItem","position":2,"name":"Ressourcen","item":"https:\/\/www.delatrust.lu\/de\/ressourcen\/"},{"@type":"ListItem","position":3,"name":"N\u00fctzliche Links"}]},{"@type":"WebSite","@id":"https:\/\/www.delatrust.lu\/de\/#website","url":"https:\/\/www.delatrust.lu\/de\/","name":"DelaTrust","description":"Cabinet d&#039;expertise comptable au Luxembourg","publisher":{"@id":"https:\/\/www.delatrust.lu\/de\/#organization"},"potentialAction":[{"@type":"SearchAction","target":{"@type":"EntryPoint","urlTemplate":"https:\/\/www.delatrust.lu\/de\/?s={search_term_string}"},"query-input":{"@type":"PropertyValueSpecification","valueRequired":true,"valueName":"search_term_string"}}],"inLanguage":"de"},{"@type":"Organization","@id":"https:\/\/www.delatrust.lu\/de\/#organization","name":"DelaTrust","url":"https:\/\/www.delatrust.lu\/de\/","logo":{"@type":"ImageObject","inLanguage":"de","@id":"https:\/\/www.delatrust.lu\/de\/#\/schema\/logo\/image\/","url":"https:\/\/www.delatrust.lu\/wp-content\/uploads\/2025\/09\/DelaTrust-Logo-Light.svg","contentUrl":"https:\/\/www.delatrust.lu\/wp-content\/uploads\/2025\/09\/DelaTrust-Logo-Light.svg","width":250,"height":70,"caption":"DelaTrust"},"image":{"@id":"https:\/\/www.delatrust.lu\/de\/#\/schema\/logo\/image\/"}}]}},"_links":{"self":[{"href":"https:\/\/www.delatrust.lu\/de\/wp-json\/wp\/v2\/pages\/2305","targetHints":{"allow":["GET"]}}],"collection":[{"href":"https:\/\/www.delatrust.lu\/de\/wp-json\/wp\/v2\/pages"}],"about":[{"href":"https:\/\/www.delatrust.lu\/de\/wp-json\/wp\/v2\/types\/page"}],"author":[{"embeddable":true,"href":"https:\/\/www.delatrust.lu\/de\/wp-json\/wp\/v2\/users\/1"}],"replies":[{"embeddable":true,"href":"https:\/\/www.delatrust.lu\/de\/wp-json\/wp\/v2\/comments?post=2305"}],"version-history":[{"count":1,"href":"https:\/\/www.delatrust.lu\/de\/wp-json\/wp\/v2\/pages\/2305\/revisions"}],"predecessor-version":[{"id":2310,"href":"https:\/\/www.delatrust.lu\/de\/wp-json\/wp\/v2\/pages\/2305\/revisions\/2310"}],"up":[{"embeddable":true,"href":"https:\/\/www.delatrust.lu\/de\/wp-json\/wp\/v2\/pages\/2333"}],"wp:attachment":[{"href":"https:\/\/www.delatrust.lu\/de\/wp-json\/wp\/v2\/media?parent=2305"}],"curies":[{"name":"wp","href":"https:\/\/api.w.org\/{rel}","templated":true}]}}