{"id":2293,"date":"2025-10-06T18:33:46","date_gmt":"2025-10-06T16:33:46","guid":{"rendered":"https:\/\/www.delatrust.lu\/investoren\/"},"modified":"2025-12-31T12:31:32","modified_gmt":"2025-12-31T11:31:32","slug":"investoren","status":"publish","type":"page","link":"https:\/\/www.delatrust.lu\/de\/kunden\/investoren\/","title":{"rendered":"Investoren"},"content":{"rendered":"\t\t<div data-elementor-type=\"wp-page\" data-elementor-id=\"2293\" class=\"elementor elementor-2293 elementor-591\" data-elementor-post-type=\"page\">\n\t\t\t\t<div class=\"elementor-element elementor-element-7c8ef309 e-flex e-con-boxed e-con e-parent\" data-id=\"7c8ef309\" data-element_type=\"container\" data-settings=\"{&quot;background_background&quot;:&quot;classic&quot;}\">\n\t\t\t\t\t<div class=\"e-con-inner\">\n\t\t<div class=\"elementor-element elementor-element-37308803 e-con-full e-flex e-con e-child\" data-id=\"37308803\" data-element_type=\"container\">\n\t\t\t\t<div class=\"elementor-element elementor-element-355f5ee0 elementor-widget__width-initial elementor-widget elementor-widget-heading\" data-id=\"355f5ee0\" data-element_type=\"widget\" data-widget_type=\"heading.default\">\n\t\t\t\t\t<h1 class=\"elementor-heading-title elementor-size-default\">Investoren\n<\/h1>\t\t\t\t<\/div>\n\t\t\t\t<div class=\"elementor-element elementor-element-eb580a8 elementor-widget elementor-widget-text-editor\" data-id=\"eb580a8\" data-element_type=\"widget\" data-widget_type=\"text-editor.default\">\n\t\t\t\t\t\t\t\t\t<p>Optimieren und sichern Sie Ihre Investitionen langfristig mit ma\u00dfgeschneiderten strukturierten L\u00f6sungen und einer nachhaltigen Steuerstrategie.<\/p>\t\t\t\t\t\t\t\t<\/div>\n\t\t\t\t<\/div>\n\t\t\t\t\t<\/div>\n\t\t\t\t<\/div>\n\t\t<div class=\"elementor-element elementor-element-52cf3550 e-con-full e-flex e-con e-parent\" data-id=\"52cf3550\" data-element_type=\"container\">\n\t\t\t\t<div class=\"elementor-element elementor-element-56dcdcb elementor-absolute elementor-view-default elementor-widget elementor-widget-icon\" data-id=\"56dcdcb\" data-element_type=\"widget\" data-settings=\"{&quot;_position&quot;:&quot;absolute&quot;}\" data-widget_type=\"icon.default\">\n\t\t\t\t\t\t\t<div class=\"elementor-icon-wrapper\">\n\t\t\t<div class=\"elementor-icon\">\n\t\t\t<svg xmlns=\"http:\/\/www.w3.org\/2000\/svg\" viewBox=\"0 0 116 116\" width=\"116\" height=\"116\"><path d=\"m0.4 116c10 0 19.6-4 26.6-11l89-89v100\"><\/path><\/svg>\t\t\t<\/div>\n\t\t<\/div>\n\t\t\t\t\t\t<\/div>\n\t\t\t\t<div class=\"elementor-element elementor-element-39bcb675 elementor-widget elementor-widget-image\" data-id=\"39bcb675\" data-element_type=\"widget\" data-widget_type=\"image.default\">\n\t\t\t\t\t\t\t\t\t\t\t\t\t\t\t<img fetchpriority=\"high\" decoding=\"async\" width=\"1440\" height=\"460\" src=\"https:\/\/www.delatrust.lu\/wp-content\/uploads\/2025\/10\/Hero-Investisseurs.webp\" class=\"attachment-full size-full wp-image-2294\" alt=\"\" srcset=\"https:\/\/www.delatrust.lu\/wp-content\/uploads\/2025\/10\/Hero-Investisseurs.webp 1440w, https:\/\/www.delatrust.lu\/wp-content\/uploads\/2025\/10\/Hero-Investisseurs-300x96.webp 300w, https:\/\/www.delatrust.lu\/wp-content\/uploads\/2025\/10\/Hero-Investisseurs-1024x327.webp 1024w, https:\/\/www.delatrust.lu\/wp-content\/uploads\/2025\/10\/Hero-Investisseurs-768x245.webp 768w\" sizes=\"(max-width: 1440px) 100vw, 1440px\" loading=\"eager\" \/>\t\t\t\t\t\t\t\t\t\t\t\t\t\t\t<\/div>\n\t\t\t\t<\/div>\n\t\t<div class=\"elementor-element elementor-element-ce202e8 e-flex e-con-boxed e-con e-parent\" data-id=\"ce202e8\" data-element_type=\"container\">\n\t\t\t\t\t<div class=\"e-con-inner\">\n\t\t<div class=\"elementor-element elementor-element-c5cac3d e-con-full e-flex e-con e-child\" data-id=\"c5cac3d\" data-element_type=\"container\">\n\t\t<div class=\"elementor-element elementor-element-38f3d4c e-con-full e-flex e-con e-child\" data-id=\"38f3d4c\" data-element_type=\"container\">\n\t\t\t\t<div class=\"elementor-element elementor-element-88d1e09 elementor-widget elementor-widget-image\" data-id=\"88d1e09\" data-element_type=\"widget\" data-widget_type=\"image.default\">\n\t\t\t\t\t\t\t\t\t\t\t\t\t\t\t<img decoding=\"async\" width=\"620\" height=\"655\" src=\"https:\/\/www.delatrust.lu\/wp-content\/uploads\/2025\/10\/Comptabilite-06.webp\" class=\"attachment-full size-full wp-image-2275\" alt=\"\" srcset=\"https:\/\/www.delatrust.lu\/wp-content\/uploads\/2025\/10\/Comptabilite-06.webp 620w, https:\/\/www.delatrust.lu\/wp-content\/uploads\/2025\/10\/Comptabilite-06-284x300.webp 284w\" sizes=\"(max-width: 620px) 100vw, 620px\" loading=\"eager\" \/>\t\t\t\t\t\t\t\t\t\t\t\t\t\t\t<\/div>\n\t\t\t\t<\/div>\n\t\t<div class=\"elementor-element elementor-element-bb797e2 e-con-full e-flex e-con e-child\" data-id=\"bb797e2\" data-element_type=\"container\">\n\t\t\t\t<div class=\"elementor-element elementor-element-c9bb48a elementor-view-default elementor-widget elementor-widget-icon\" data-id=\"c9bb48a\" data-element_type=\"widget\" data-widget_type=\"icon.default\">\n\t\t\t\t\t\t\t<div class=\"elementor-icon-wrapper\">\n\t\t\t<div class=\"elementor-icon\">\n\t\t\t<svg xmlns=\"http:\/\/www.w3.org\/2000\/svg\" width=\"82\" height=\"83\"><path d=\"M29.552 14.881c-15.631 7.814-15.017 7.458-15.324 8.89-.107.5-.151 7.236-.151 23.112V69.29h-2.26c-2.509 0-2.856.08-3.606.831-.583.582-.863 1.249-.863 2.057 0 .906.235 1.498.82 2.068 1.03 1.004-1.93.921 32.832.921s31.802.083 32.832-.921c1.135-1.106 1.115-2.968-.043-4.125-.75-.751-1.097-.831-3.603-.831H67.93l-.038-15.956c-.03-12.787-.073-16.037-.216-16.366-.098-.225-.395-.632-.659-.904s-4.78-3.347-10.036-6.833l-9.555-6.339-.001-6.041c-.001-3.731-.057-6.299-.146-6.716-.281-1.308-1.55-2.336-2.894-2.342-.584-.003-2.038.693-14.833 7.088M41.41 42.435V69.29H20.09V26.24l10.626-5.322a3828.842 3828.842 0 0 1 10.66-5.33c.019-.005.034 12.077.034 26.847M29.588 28.547c-1.155.53-1.749 1.479-1.741 2.782a2.863 2.863 0 0 0 1.295 2.397c.491.325.698.372 1.62.372.955 0 1.115-.04 1.643-.411 1.463-1.028 1.685-3.256.448-4.494-.543-.544-1.37-.897-2.103-.897-.338 0-.861.113-1.162.251m25.19 6.303 7.126 4.715.003 14.862.003 14.863H47.423V49.667c0-10.793.052-19.603.114-19.578.063.025 3.321 2.168 7.241 4.761m-24.931 3.798c-.158.053-.502.245-.764.426-1.701 1.177-1.676 3.684.049 4.88.507.351.685.394 1.618.394s1.111-.043 1.618-.394c1.006-.697 1.463-1.823 1.235-3.042-.251-1.344-1.268-2.24-2.625-2.315-.463-.025-.973-.002-1.131.051m.018 10.234c-.148.042-.474.216-.725.386-1.768 1.201-1.737 3.772.06 4.989.43.29.661.341 1.55.341s1.12-.051 1.55-.341c1.032-.699 1.53-1.88 1.303-3.095-.251-1.345-1.269-2.242-2.625-2.312-.463-.025-.964-.01-1.113.032m-.151 10.297c-.547.169-1.401 1.004-1.663 1.626-.114.269-.207.797-.207 1.173 0 .876.283 1.537.923 2.159.653.634 1.267.833 2.284.741 3.523-.32 3.45-5.584-.08-5.783-.46-.026-1.025.012-1.257.084\" fill-rule=\"evenodd\"><\/path><\/svg>\t\t\t<\/div>\n\t\t<\/div>\n\t\t\t\t\t\t<\/div>\n\t\t\t\t<div class=\"elementor-element elementor-element-5ef9615 elementor-widget elementor-widget-heading\" data-id=\"5ef9615\" data-element_type=\"widget\" data-widget_type=\"heading.default\">\n\t\t\t\t\t<h2 class=\"elementor-heading-title elementor-size-default\">Strukturierung von Investitionen<\/h2>\t\t\t\t<\/div>\n\t\t\t\t<div class=\"elementor-element elementor-element-52dd49e elementor-widget elementor-widget-heading\" data-id=\"52dd49e\" data-element_type=\"widget\" data-widget_type=\"heading.default\">\n\t\t\t\t\t<p class=\"elementor-heading-title elementor-size-default\">Gr\u00fcndung von Holdings und SPVs<\/p>\t\t\t\t<\/div>\n\t\t\t\t<div class=\"elementor-element elementor-element-33d1b62 elementor-widget elementor-widget-heading\" data-id=\"33d1b62\" data-element_type=\"widget\" data-widget_type=\"heading.default\">\n\t\t\t\t\t<p class=\"elementor-heading-title elementor-size-default\">Einrichtung von auf Investitionsziele zugeschnittenen Strukturen<\/p>\t\t\t\t<\/div>\n\t\t\t\t<div class=\"elementor-element elementor-element-495a069 elementor-widget elementor-widget-heading\" data-id=\"495a069\" data-element_type=\"widget\" data-widget_type=\"heading.default\">\n\t\t\t\t\t<p class=\"elementor-heading-title elementor-size-default\">Governance und regulatorische Compliance<\/p>\t\t\t\t<\/div>\n\t\t\t\t<\/div>\n\t\t\t\t<\/div>\n\t\t<div class=\"elementor-element elementor-element-c1e60c4 e-con-full e-flex e-con e-child\" data-id=\"c1e60c4\" data-element_type=\"container\">\n\t\t<div class=\"elementor-element elementor-element-018da1f e-con-full e-flex e-con e-child\" data-id=\"018da1f\" data-element_type=\"container\">\n\t\t\t\t<div class=\"elementor-element elementor-element-18c0d09 elementor-widget elementor-widget-image\" data-id=\"18c0d09\" data-element_type=\"widget\" data-widget_type=\"image.default\">\n\t\t\t\t\t\t\t\t\t\t\t\t\t\t\t<img decoding=\"async\" width=\"620\" height=\"654\" src=\"https:\/\/www.delatrust.lu\/wp-content\/uploads\/2025\/10\/Fiscalite-01.webp\" class=\"attachment-full size-full wp-image-2276\" alt=\"\" srcset=\"https:\/\/www.delatrust.lu\/wp-content\/uploads\/2025\/10\/Fiscalite-01.webp 620w, https:\/\/www.delatrust.lu\/wp-content\/uploads\/2025\/10\/Fiscalite-01-284x300.webp 284w\" sizes=\"(max-width: 620px) 100vw, 620px\" loading=\"eager\" \/>\t\t\t\t\t\t\t\t\t\t\t\t\t\t\t<\/div>\n\t\t\t\t<\/div>\n\t\t<div class=\"elementor-element elementor-element-1aba0f7 e-con-full e-flex e-con e-child\" data-id=\"1aba0f7\" data-element_type=\"container\">\n\t\t\t\t<div class=\"elementor-element elementor-element-ca048b9 elementor-view-default elementor-widget elementor-widget-icon\" data-id=\"ca048b9\" data-element_type=\"widget\" data-widget_type=\"icon.default\">\n\t\t\t\t\t\t\t<div class=\"elementor-icon-wrapper\">\n\t\t\t<div class=\"elementor-icon\">\n\t\t\t<svg xmlns=\"http:\/\/www.w3.org\/2000\/svg\" width=\"82\" height=\"83\"><path d=\"M9.088 8.046c-.697.318-1.38 1.019-1.602 1.646-.26.73-.256 62.853.003 63.585.229.645 1.217 1.554 1.893 1.742.737.205 62.495.206 63.232.001.638-.177 1.488-.921 1.798-1.575.833-1.756-.41-3.968-2.318-4.126l-.754-.063-.003-3.639c-.002-2.001-.067-3.915-.144-4.254a3.201 3.201 0 0 0-1.31-1.913c-.429-.291-.661-.342-1.551-.342-.919 0-1.112.046-1.582.374a3.042 3.042 0 0 0-1.276 1.881c-.077.339-.142 2.26-.144 4.271l-.003 3.656h-7.654l-.003-7.073c-.002-4.335-.058-7.31-.144-7.687a3.197 3.197 0 0 0-1.31-1.913c-.429-.291-.66-.342-1.551-.342-.919 0-1.112.046-1.582.374a3.05 3.05 0 0 0-1.276 1.881c-.086.378-.142 3.342-.144 7.687l-.003 7.073H44.007l-.004-12.198c-.002-7.858-.053-12.416-.144-12.812a3.042 3.042 0 0 0-1.276-1.881c-.469-.328-.662-.374-1.583-.374-.921 0-1.114.046-1.583.374a3.042 3.042 0 0 0-1.276 1.881c-.091.396-.142 4.954-.144 12.812l-.004 12.198H30.34l-.003-7.073c-.002-4.335-.058-7.31-.144-7.687a3.201 3.201 0 0 0-1.31-1.913c-.429-.291-.661-.342-1.55-.342s-1.12.051-1.549.342a3.197 3.197 0 0 0-1.31 1.913c-.086.377-.142 3.352-.144 7.687l-.003 7.073h-11.07V40.883l.785-.09c2.787-.319 5.817-1.171 8.035-2.258 3.459-1.696 5.459-3.508 9.725-8.81 2.001-2.486 3.2-3.733 4.213-4.381 2.899-1.855 7.071-1.855 9.97 0 1.07.684 2.222 1.907 4.768 5.064 1.212 1.504 2.763 3.291 3.446 3.971 4.232 4.219 9.202 6.252 16.076 6.575 2.24.105 2.782-.041 3.651-.983.306-.333.56-.652.563-.71.004-.059.059-.378.123-.711.222-1.152-.277-2.286-1.317-2.993-.441-.299-.707-.349-2.421-.453-4.555-.274-7.375-1.085-10.118-2.91-1.584-1.054-2.991-2.499-5.545-5.696-4.281-5.358-6.502-7.046-10.629-8.081-1.726-.433-5.438-.433-7.164 0-3.967.995-6.403 2.784-10.088 7.413-3.449 4.331-4.63 5.511-6.849 6.845-1.751 1.052-4.199 1.863-6.708 2.221l-.508.072-.038-12.461c-.035-11.114-.062-12.514-.259-12.94-.673-1.464-2.466-2.167-3.88-1.521\" fill-rule=\"evenodd\"><\/path><\/svg>\t\t\t<\/div>\n\t\t<\/div>\n\t\t\t\t\t\t<\/div>\n\t\t\t\t<div class=\"elementor-element elementor-element-8bd702c elementor-widget elementor-widget-heading\" data-id=\"8bd702c\" data-element_type=\"widget\" data-widget_type=\"heading.default\">\n\t\t\t\t\t<h2 class=\"elementor-heading-title elementor-size-default\">Besteuerung von Eink\u00fcnften &amp; Kapitalgewinnen<\/h2>\t\t\t\t<\/div>\n\t\t\t\t<div class=\"elementor-element elementor-element-f082e48 elementor-widget elementor-widget-heading\" data-id=\"f082e48\" data-element_type=\"widget\" data-widget_type=\"heading.default\">\n\t\t\t\t\t<p class=\"elementor-heading-title elementor-size-default\">Optimierung der luxemburgischen Besteuerung von Kapitaleink\u00fcnften und Ver\u00e4u\u00dferungen<\/p>\t\t\t\t<\/div>\n\t\t\t\t<div class=\"elementor-element elementor-element-6e854f4 elementor-widget elementor-widget-heading\" data-id=\"6e854f4\" data-element_type=\"widget\" data-widget_type=\"heading.default\">\n\t\t\t\t\t<p class=\"elementor-heading-title elementor-size-default\">Management der Geldfl\u00fcsse und konzerninterne Verrechnungspreise<\/p>\t\t\t\t<\/div>\n\t\t\t\t<div class=\"elementor-element elementor-element-c5fd0f7 elementor-widget elementor-widget-heading\" data-id=\"c5fd0f7\" data-element_type=\"widget\" data-widget_type=\"heading.default\">\n\t\t\t\t\t<p class=\"elementor-heading-title elementor-size-default\">Erstellung und Betreuung von Steuererkl\u00e4rungen<\/p>\t\t\t\t<\/div>\n\t\t\t\t<\/div>\n\t\t\t\t<\/div>\n\t\t\t\t\t<\/div>\n\t\t\t\t<\/div>\n\t\t<div class=\"elementor-element elementor-element-6c1f286 e-flex e-con-boxed e-con e-parent\" data-id=\"6c1f286\" data-element_type=\"container\" data-settings=\"{&quot;background_background&quot;:&quot;classic&quot;}\">\n\t\t\t\t\t<div class=\"e-con-inner\">\n\t\t\t\t<div class=\"elementor-element elementor-element-c556534 elementor-widget elementor-widget-heading\" data-id=\"c556534\" data-element_type=\"widget\" data-widget_type=\"heading.default\">\n\t\t\t\t\t<h2 class=\"elementor-heading-title elementor-size-default\">Bereit, Ihre Projekte vertrauensvoll voranzutreiben?<\/h2>\t\t\t\t<\/div>\n\t\t\t\t<div class=\"elementor-element elementor-element-7424579 elementor-widget elementor-widget-button\" data-id=\"7424579\" data-element_type=\"widget\" data-widget_type=\"button.default\">\n\t\t\t\t\t\t\t\t\t\t<a class=\"elementor-button elementor-button-link elementor-size-sm\" href=\"https:\/\/www.delatrust.lu\/de\/kontaktieren-sie-uns\/\">\n\t\t\t\t\t\t<span class=\"elementor-button-content-wrapper\">\n\t\t\t\t\t\t\t\t\t<span class=\"elementor-button-text\">Sprechen Sie mit einem internationalen Berater<\/span>\n\t\t\t\t\t<\/span>\n\t\t\t\t\t<\/a>\n\t\t\t\t\t\t\t\t<\/div>\n\t\t\t\t\t<\/div>\n\t\t\t\t<\/div>\n\t\t\t\t<\/div>\n\t\t","protected":false},"excerpt":{"rendered":"<p>Investoren Optimieren und sichern Sie Ihre Investitionen langfristig mit ma\u00dfgeschneiderten strukturierten L\u00f6sungen und einer nachhaltigen Steuerstrategie. Strukturierung von Investitionen Gr\u00fcndung von Holdings und SPVs Einrichtung von auf Investitionsziele zugeschnittenen Strukturen Governance und regulatorische Compliance Besteuerung von Eink\u00fcnften &amp; Kapitalgewinnen Optimierung der luxemburgischen Besteuerung von Kapitaleink\u00fcnften und Ver\u00e4u\u00dferungen Management der Geldfl\u00fcsse und konzerninterne Verrechnungspreise Erstellung und [&hellip;]<\/p>\n","protected":false},"author":1,"featured_media":0,"parent":2361,"menu_order":0,"comment_status":"closed","ping_status":"closed","template":"","meta":{"_acf_changed":false,"footnotes":""},"class_list":["post-2293","page","type-page","status-publish","hentry"],"acf":[],"yoast_head":"<!-- This site is optimized with the Yoast SEO plugin v26.5 - https:\/\/yoast.com\/wordpress\/plugins\/seo\/ -->\n<title>Investoren - DelaTrust<\/title>\n<meta name=\"description\" content=\"Personalisierte Begleitung f\u00fcr Investoren: Strukturierung von Holdings\/SPVs, Steueroptimierung, Compliance und Verwaltung von Eink\u00fcnften und Kapitalgewinnen.\" \/>\n<meta name=\"robots\" content=\"index, follow, max-snippet:-1, max-image-preview:large, max-video-preview:-1\" \/>\n<link rel=\"canonical\" href=\"https:\/\/www.delatrust.lu\/de\/kunden\/investoren\/\" \/>\n<meta property=\"og:locale\" content=\"de_DE\" \/>\n<meta property=\"og:type\" content=\"article\" \/>\n<meta property=\"og:title\" content=\"Investoren - DelaTrust\" \/>\n<meta property=\"og:description\" content=\"Personalisierte Begleitung f\u00fcr Investoren: Strukturierung von Holdings\/SPVs, Steueroptimierung, Compliance und Verwaltung von Eink\u00fcnften und Kapitalgewinnen.\" \/>\n<meta property=\"og:url\" content=\"https:\/\/www.delatrust.lu\/de\/kunden\/investoren\/\" \/>\n<meta property=\"og:site_name\" content=\"DelaTrust\" \/>\n<meta property=\"article:modified_time\" content=\"2025-12-31T11:31:32+00:00\" \/>\n<meta property=\"og:image\" content=\"https:\/\/www.delatrust.lu\/wp-content\/uploads\/2025\/10\/Hero-Investisseurs.webp\" \/>\n\t<meta property=\"og:image:width\" content=\"1440\" \/>\n\t<meta property=\"og:image:height\" content=\"460\" \/>\n\t<meta property=\"og:image:type\" content=\"image\/webp\" \/>\n<meta name=\"twitter:card\" content=\"summary_large_image\" \/>\n<script type=\"application\/ld+json\" class=\"yoast-schema-graph\">{\"@context\":\"https:\/\/schema.org\",\"@graph\":[{\"@type\":\"WebPage\",\"@id\":\"https:\/\/www.delatrust.lu\/de\/kunden\/investoren\/\",\"url\":\"https:\/\/www.delatrust.lu\/de\/kunden\/investoren\/\",\"name\":\"Investoren - DelaTrust\",\"isPartOf\":{\"@id\":\"https:\/\/www.delatrust.lu\/de\/#website\"},\"primaryImageOfPage\":{\"@id\":\"https:\/\/www.delatrust.lu\/de\/kunden\/investoren\/#primaryimage\"},\"image\":{\"@id\":\"https:\/\/www.delatrust.lu\/de\/kunden\/investoren\/#primaryimage\"},\"thumbnailUrl\":\"https:\/\/www.delatrust.lu\/wp-content\/uploads\/2025\/10\/Hero-Investisseurs.webp\",\"datePublished\":\"2025-10-06T16:33:46+00:00\",\"dateModified\":\"2025-12-31T11:31:32+00:00\",\"description\":\"Personalisierte Begleitung f\u00fcr Investoren: Strukturierung von Holdings\/SPVs, Steueroptimierung, Compliance und Verwaltung von Eink\u00fcnften und Kapitalgewinnen.\",\"breadcrumb\":{\"@id\":\"https:\/\/www.delatrust.lu\/de\/kunden\/investoren\/#breadcrumb\"},\"inLanguage\":\"de\",\"potentialAction\":[{\"@type\":\"ReadAction\",\"target\":[\"https:\/\/www.delatrust.lu\/de\/kunden\/investoren\/\"]}]},{\"@type\":\"ImageObject\",\"inLanguage\":\"de\",\"@id\":\"https:\/\/www.delatrust.lu\/de\/kunden\/investoren\/#primaryimage\",\"url\":\"https:\/\/www.delatrust.lu\/wp-content\/uploads\/2025\/10\/Hero-Investisseurs.webp\",\"contentUrl\":\"https:\/\/www.delatrust.lu\/wp-content\/uploads\/2025\/10\/Hero-Investisseurs.webp\"},{\"@type\":\"BreadcrumbList\",\"@id\":\"https:\/\/www.delatrust.lu\/de\/kunden\/investoren\/#breadcrumb\",\"itemListElement\":[{\"@type\":\"ListItem\",\"position\":1,\"name\":\"Accueil\",\"item\":\"https:\/\/www.delatrust.lu\/de\/startseite\/\"},{\"@type\":\"ListItem\",\"position\":2,\"name\":\"Kunden\",\"item\":\"https:\/\/www.delatrust.lu\/de\/kunden\/\"},{\"@type\":\"ListItem\",\"position\":3,\"name\":\"Investoren\"}]},{\"@type\":\"WebSite\",\"@id\":\"https:\/\/www.delatrust.lu\/de\/#website\",\"url\":\"https:\/\/www.delatrust.lu\/de\/\",\"name\":\"DelaTrust\",\"description\":\"Cabinet d&#039;expertise comptable au Luxembourg\",\"publisher\":{\"@id\":\"https:\/\/www.delatrust.lu\/de\/#organization\"},\"potentialAction\":[{\"@type\":\"SearchAction\",\"target\":{\"@type\":\"EntryPoint\",\"urlTemplate\":\"https:\/\/www.delatrust.lu\/de\/?s={search_term_string}\"},\"query-input\":{\"@type\":\"PropertyValueSpecification\",\"valueRequired\":true,\"valueName\":\"search_term_string\"}}],\"inLanguage\":\"de\"},{\"@type\":\"Organization\",\"@id\":\"https:\/\/www.delatrust.lu\/de\/#organization\",\"name\":\"DelaTrust\",\"url\":\"https:\/\/www.delatrust.lu\/de\/\",\"logo\":{\"@type\":\"ImageObject\",\"inLanguage\":\"de\",\"@id\":\"https:\/\/www.delatrust.lu\/de\/#\/schema\/logo\/image\/\",\"url\":\"https:\/\/www.delatrust.lu\/wp-content\/uploads\/2025\/09\/DelaTrust-Logo-Light.svg\",\"contentUrl\":\"https:\/\/www.delatrust.lu\/wp-content\/uploads\/2025\/09\/DelaTrust-Logo-Light.svg\",\"width\":250,\"height\":70,\"caption\":\"DelaTrust\"},\"image\":{\"@id\":\"https:\/\/www.delatrust.lu\/de\/#\/schema\/logo\/image\/\"}}]}<\/script>\n<!-- \/ Yoast SEO plugin. -->","yoast_head_json":{"title":"Investoren - DelaTrust","description":"Personalisierte Begleitung f\u00fcr Investoren: Strukturierung von Holdings\/SPVs, Steueroptimierung, Compliance und Verwaltung von Eink\u00fcnften und Kapitalgewinnen.","robots":{"index":"index","follow":"follow","max-snippet":"max-snippet:-1","max-image-preview":"max-image-preview:large","max-video-preview":"max-video-preview:-1"},"canonical":"https:\/\/www.delatrust.lu\/de\/kunden\/investoren\/","og_locale":"de_DE","og_type":"article","og_title":"Investoren - DelaTrust","og_description":"Personalisierte Begleitung f\u00fcr Investoren: Strukturierung von Holdings\/SPVs, Steueroptimierung, Compliance und Verwaltung von Eink\u00fcnften und Kapitalgewinnen.","og_url":"https:\/\/www.delatrust.lu\/de\/kunden\/investoren\/","og_site_name":"DelaTrust","article_modified_time":"2025-12-31T11:31:32+00:00","og_image":[{"width":1440,"height":460,"url":"https:\/\/www.delatrust.lu\/wp-content\/uploads\/2025\/10\/Hero-Investisseurs.webp","type":"image\/webp"}],"twitter_card":"summary_large_image","schema":{"@context":"https:\/\/schema.org","@graph":[{"@type":"WebPage","@id":"https:\/\/www.delatrust.lu\/de\/kunden\/investoren\/","url":"https:\/\/www.delatrust.lu\/de\/kunden\/investoren\/","name":"Investoren - DelaTrust","isPartOf":{"@id":"https:\/\/www.delatrust.lu\/de\/#website"},"primaryImageOfPage":{"@id":"https:\/\/www.delatrust.lu\/de\/kunden\/investoren\/#primaryimage"},"image":{"@id":"https:\/\/www.delatrust.lu\/de\/kunden\/investoren\/#primaryimage"},"thumbnailUrl":"https:\/\/www.delatrust.lu\/wp-content\/uploads\/2025\/10\/Hero-Investisseurs.webp","datePublished":"2025-10-06T16:33:46+00:00","dateModified":"2025-12-31T11:31:32+00:00","description":"Personalisierte Begleitung f\u00fcr Investoren: Strukturierung von Holdings\/SPVs, Steueroptimierung, Compliance und Verwaltung von Eink\u00fcnften und Kapitalgewinnen.","breadcrumb":{"@id":"https:\/\/www.delatrust.lu\/de\/kunden\/investoren\/#breadcrumb"},"inLanguage":"de","potentialAction":[{"@type":"ReadAction","target":["https:\/\/www.delatrust.lu\/de\/kunden\/investoren\/"]}]},{"@type":"ImageObject","inLanguage":"de","@id":"https:\/\/www.delatrust.lu\/de\/kunden\/investoren\/#primaryimage","url":"https:\/\/www.delatrust.lu\/wp-content\/uploads\/2025\/10\/Hero-Investisseurs.webp","contentUrl":"https:\/\/www.delatrust.lu\/wp-content\/uploads\/2025\/10\/Hero-Investisseurs.webp"},{"@type":"BreadcrumbList","@id":"https:\/\/www.delatrust.lu\/de\/kunden\/investoren\/#breadcrumb","itemListElement":[{"@type":"ListItem","position":1,"name":"Accueil","item":"https:\/\/www.delatrust.lu\/de\/startseite\/"},{"@type":"ListItem","position":2,"name":"Kunden","item":"https:\/\/www.delatrust.lu\/de\/kunden\/"},{"@type":"ListItem","position":3,"name":"Investoren"}]},{"@type":"WebSite","@id":"https:\/\/www.delatrust.lu\/de\/#website","url":"https:\/\/www.delatrust.lu\/de\/","name":"DelaTrust","description":"Cabinet d&#039;expertise comptable au Luxembourg","publisher":{"@id":"https:\/\/www.delatrust.lu\/de\/#organization"},"potentialAction":[{"@type":"SearchAction","target":{"@type":"EntryPoint","urlTemplate":"https:\/\/www.delatrust.lu\/de\/?s={search_term_string}"},"query-input":{"@type":"PropertyValueSpecification","valueRequired":true,"valueName":"search_term_string"}}],"inLanguage":"de"},{"@type":"Organization","@id":"https:\/\/www.delatrust.lu\/de\/#organization","name":"DelaTrust","url":"https:\/\/www.delatrust.lu\/de\/","logo":{"@type":"ImageObject","inLanguage":"de","@id":"https:\/\/www.delatrust.lu\/de\/#\/schema\/logo\/image\/","url":"https:\/\/www.delatrust.lu\/wp-content\/uploads\/2025\/09\/DelaTrust-Logo-Light.svg","contentUrl":"https:\/\/www.delatrust.lu\/wp-content\/uploads\/2025\/09\/DelaTrust-Logo-Light.svg","width":250,"height":70,"caption":"DelaTrust"},"image":{"@id":"https:\/\/www.delatrust.lu\/de\/#\/schema\/logo\/image\/"}}]}},"_links":{"self":[{"href":"https:\/\/www.delatrust.lu\/de\/wp-json\/wp\/v2\/pages\/2293","targetHints":{"allow":["GET"]}}],"collection":[{"href":"https:\/\/www.delatrust.lu\/de\/wp-json\/wp\/v2\/pages"}],"about":[{"href":"https:\/\/www.delatrust.lu\/de\/wp-json\/wp\/v2\/types\/page"}],"author":[{"embeddable":true,"href":"https:\/\/www.delatrust.lu\/de\/wp-json\/wp\/v2\/users\/1"}],"replies":[{"embeddable":true,"href":"https:\/\/www.delatrust.lu\/de\/wp-json\/wp\/v2\/comments?post=2293"}],"version-history":[{"count":1,"href":"https:\/\/www.delatrust.lu\/de\/wp-json\/wp\/v2\/pages\/2293\/revisions"}],"predecessor-version":[{"id":2297,"href":"https:\/\/www.delatrust.lu\/de\/wp-json\/wp\/v2\/pages\/2293\/revisions\/2297"}],"up":[{"embeddable":true,"href":"https:\/\/www.delatrust.lu\/de\/wp-json\/wp\/v2\/pages\/2361"}],"wp:attachment":[{"href":"https:\/\/www.delatrust.lu\/de\/wp-json\/wp\/v2\/media?parent=2293"}],"curies":[{"name":"wp","href":"https:\/\/api.w.org\/{rel}","templated":true}]}}