{"id":2286,"date":"2025-10-06T18:23:22","date_gmt":"2025-10-06T16:23:22","guid":{"rendered":"https:\/\/www.delatrust.lu\/fuehrungskraefte-von-kmu\/"},"modified":"2025-12-31T12:31:32","modified_gmt":"2025-12-31T11:31:32","slug":"fuehrungskraefte-von-kmu","status":"publish","type":"page","link":"https:\/\/www.delatrust.lu\/de\/kunden\/fuehrungskraefte-von-kmu\/","title":{"rendered":"F\u00fchrungskr\u00e4fte von KMU"},"content":{"rendered":"\t\t<div data-elementor-type=\"wp-page\" data-elementor-id=\"2286\" class=\"elementor elementor-2286 elementor-582\" data-elementor-post-type=\"page\">\n\t\t\t\t<div class=\"elementor-element elementor-element-7c8ef309 e-flex e-con-boxed e-con e-parent\" data-id=\"7c8ef309\" data-element_type=\"container\" data-settings=\"{&quot;background_background&quot;:&quot;classic&quot;}\">\n\t\t\t\t\t<div class=\"e-con-inner\">\n\t\t<div class=\"elementor-element elementor-element-37308803 e-con-full e-flex e-con e-child\" data-id=\"37308803\" data-element_type=\"container\">\n\t\t\t\t<div class=\"elementor-element elementor-element-355f5ee0 elementor-widget__width-initial elementor-widget elementor-widget-heading\" data-id=\"355f5ee0\" data-element_type=\"widget\" data-widget_type=\"heading.default\">\n\t\t\t\t\t<h1 class=\"elementor-heading-title elementor-size-default\">F\u00fchrungskr\u00e4fte\nvon KMU<\/h1>\t\t\t\t<\/div>\n\t\t\t\t<div class=\"elementor-element elementor-element-eb580a8 elementor-widget elementor-widget-text-editor\" data-id=\"eb580a8\" data-element_type=\"widget\" data-widget_type=\"text-editor.default\">\n\t\t\t\t\t\t\t\t\t<p>Wir unterst\u00fctzen kleine und mittlere Unternehmen dabei, ihre Finanzen zu strukturieren und ihren Verpflichtungen vorausschauend nachzukommen, um sich in aller Ruhe zu entwickeln.<\/p>\t\t\t\t\t\t\t\t<\/div>\n\t\t\t\t<\/div>\n\t\t\t\t\t<\/div>\n\t\t\t\t<\/div>\n\t\t<div class=\"elementor-element elementor-element-52cf3550 e-con-full e-flex e-con e-parent\" data-id=\"52cf3550\" data-element_type=\"container\">\n\t\t\t\t<div class=\"elementor-element elementor-element-56dcdcb elementor-absolute elementor-view-default elementor-widget elementor-widget-icon\" data-id=\"56dcdcb\" data-element_type=\"widget\" data-settings=\"{&quot;_position&quot;:&quot;absolute&quot;}\" data-widget_type=\"icon.default\">\n\t\t\t\t\t\t\t<div class=\"elementor-icon-wrapper\">\n\t\t\t<div class=\"elementor-icon\">\n\t\t\t<svg xmlns=\"http:\/\/www.w3.org\/2000\/svg\" viewBox=\"0 0 116 116\" width=\"116\" height=\"116\"><path d=\"m0.4 116c10 0 19.6-4 26.6-11l89-89v100\"><\/path><\/svg>\t\t\t<\/div>\n\t\t<\/div>\n\t\t\t\t\t\t<\/div>\n\t\t\t\t<div class=\"elementor-element elementor-element-39bcb675 elementor-widget elementor-widget-image\" data-id=\"39bcb675\" data-element_type=\"widget\" data-widget_type=\"image.default\">\n\t\t\t\t\t\t\t\t\t\t\t\t\t\t\t<img fetchpriority=\"high\" decoding=\"async\" width=\"1440\" height=\"460\" src=\"https:\/\/www.delatrust.lu\/wp-content\/uploads\/2025\/10\/Hero-Dirigeants.webp\" class=\"attachment-full size-full wp-image-2287\" alt=\"\" srcset=\"https:\/\/www.delatrust.lu\/wp-content\/uploads\/2025\/10\/Hero-Dirigeants.webp 1440w, https:\/\/www.delatrust.lu\/wp-content\/uploads\/2025\/10\/Hero-Dirigeants-300x96.webp 300w, https:\/\/www.delatrust.lu\/wp-content\/uploads\/2025\/10\/Hero-Dirigeants-1024x327.webp 1024w, https:\/\/www.delatrust.lu\/wp-content\/uploads\/2025\/10\/Hero-Dirigeants-768x245.webp 768w\" sizes=\"(max-width: 1440px) 100vw, 1440px\" loading=\"eager\" \/>\t\t\t\t\t\t\t\t\t\t\t\t\t\t\t<\/div>\n\t\t\t\t<\/div>\n\t\t<div class=\"elementor-element elementor-element-ce202e8 e-flex e-con-boxed e-con e-parent\" data-id=\"ce202e8\" data-element_type=\"container\">\n\t\t\t\t\t<div class=\"e-con-inner\">\n\t\t<div class=\"elementor-element elementor-element-c5cac3d e-con-full e-flex e-con e-child\" data-id=\"c5cac3d\" data-element_type=\"container\">\n\t\t<div class=\"elementor-element elementor-element-38f3d4c e-con-full e-flex e-con e-child\" data-id=\"38f3d4c\" data-element_type=\"container\">\n\t\t\t\t<div class=\"elementor-element elementor-element-88d1e09 elementor-widget elementor-widget-image\" data-id=\"88d1e09\" data-element_type=\"widget\" data-widget_type=\"image.default\">\n\t\t\t\t\t\t\t\t\t\t\t\t\t\t\t<img decoding=\"async\" width=\"620\" height=\"654\" src=\"https:\/\/www.delatrust.lu\/wp-content\/uploads\/2025\/10\/Comptabilite-01.webp\" class=\"attachment-full size-full wp-image-2290\" alt=\"\" srcset=\"https:\/\/www.delatrust.lu\/wp-content\/uploads\/2025\/10\/Comptabilite-01.webp 620w, https:\/\/www.delatrust.lu\/wp-content\/uploads\/2025\/10\/Comptabilite-01-284x300.webp 284w\" sizes=\"(max-width: 620px) 100vw, 620px\" loading=\"eager\" \/>\t\t\t\t\t\t\t\t\t\t\t\t\t\t\t<\/div>\n\t\t\t\t<\/div>\n\t\t<div class=\"elementor-element elementor-element-bb797e2 e-con-full e-flex e-con e-child\" data-id=\"bb797e2\" data-element_type=\"container\">\n\t\t\t\t<div class=\"elementor-element elementor-element-c9bb48a elementor-view-default elementor-widget elementor-widget-icon\" data-id=\"c9bb48a\" data-element_type=\"widget\" data-widget_type=\"icon.default\">\n\t\t\t\t\t\t\t<div class=\"elementor-icon-wrapper\">\n\t\t\t<div class=\"elementor-icon\">\n\t\t\t<svg xmlns=\"http:\/\/www.w3.org\/2000\/svg\" width=\"82\" height=\"82\"><path d=\"M19.177 10.808c-3.644.432-6.799 3.08-8.028 6.736-.468 1.394-.501 3.152-.454 24.481.049 22.818.002 21.383.772 23.287.884 2.186 3.108 4.367 5.343 5.24 1.941.757.685.72 24.122.72 23.416 0 22.353.031 24.258-.718 2.836-1.115 5.198-3.897 5.896-6.944.152-.666.186-4.722.186-22.61 0-23.439.03-22.408-.708-24.223-.915-2.252-3.143-4.499-5.292-5.337-1.904-.743-.459-.699-23.657-.725-11.801-.013-21.898.029-22.438.093m43.898 6.188a3.888 3.888 0 0 1 1.929 1.929l.32.687v42.776l-.32.687a3.888 3.888 0 0 1-1.929 1.929l-.687.32H19.612l-.687-.32a3.888 3.888 0 0 1-1.929-1.929l-.32-.687V19.612l.32-.687a3.888 3.888 0 0 1 1.929-1.929l.687-.32h42.776l.687.32M50.703 31.294a3.605 3.605 0 0 0-.82.265c-.188.097-2.263 2.091-4.612 4.432l-4.27 4.255-2.563-2.548c-1.41-1.401-2.772-2.652-3.027-2.78-.607-.304-1.882-.304-2.489 0-.643.321-11.278 10.938-11.625 11.604-.55 1.057-.275 2.661.591 3.448.846.769 2.317 1.007 3.273.529.255-.128 2.386-2.148 4.735-4.489l4.27-4.256 2.563 2.548c1.409 1.401 2.771 2.652 3.026 2.78.607.304 1.882.304 2.49 0 .255-.128 2.385-2.147 4.734-4.488l4.27-4.257 2.563 2.548c1.41 1.401 2.772 2.653 3.027 2.78.956.479 2.426.241 3.273-.528.831-.755 1.137-2.381.637-3.382-.306-.612-7.517-7.86-8.132-8.175a3.06 3.06 0 0 0-1.914-.286\" fill-rule=\"evenodd\"><\/path><\/svg>\t\t\t<\/div>\n\t\t<\/div>\n\t\t\t\t\t\t<\/div>\n\t\t\t\t<div class=\"elementor-element elementor-element-5ef9615 elementor-widget elementor-widget-heading\" data-id=\"5ef9615\" data-element_type=\"widget\" data-widget_type=\"heading.default\">\n\t\t\t\t\t<h2 class=\"elementor-heading-title elementor-size-default\">Steuerung &amp; Compliance<\/h2>\t\t\t\t<\/div>\n\t\t\t\t<div class=\"elementor-element elementor-element-52dd49e elementor-widget elementor-widget-heading\" data-id=\"52dd49e\" data-element_type=\"widget\" data-widget_type=\"heading.default\">\n\t\t\t\t\t<p class=\"elementor-heading-title elementor-size-default\">Ma\u00dfgeschneiderte Dashboards<\/p>\t\t\t\t<\/div>\n\t\t\t\t<div class=\"elementor-element elementor-element-33d1b62 elementor-widget elementor-widget-heading\" data-id=\"33d1b62\" data-element_type=\"widget\" data-widget_type=\"heading.default\">\n\t\t\t\t\t<p class=\"elementor-heading-title elementor-size-default\">Jahresabschluss und klare Finanzkommunikation<\/p>\t\t\t\t<\/div>\n\t\t\t\t<div class=\"elementor-element elementor-element-495a069 elementor-widget elementor-widget-heading\" data-id=\"495a069\" data-element_type=\"widget\" data-widget_type=\"heading.default\">\n\t\t\t\t\t<p class=\"elementor-heading-title elementor-size-default\">Risikomanagement und regulatorische Compliance<\/p>\t\t\t\t<\/div>\n\t\t\t\t<\/div>\n\t\t\t\t<\/div>\n\t\t<div class=\"elementor-element elementor-element-c1e60c4 e-con-full e-flex e-con e-child\" data-id=\"c1e60c4\" data-element_type=\"container\">\n\t\t<div class=\"elementor-element elementor-element-018da1f e-con-full e-flex e-con e-child\" data-id=\"018da1f\" data-element_type=\"container\">\n\t\t\t\t<div class=\"elementor-element elementor-element-18c0d09 elementor-widget elementor-widget-image\" data-id=\"18c0d09\" data-element_type=\"widget\" data-widget_type=\"image.default\">\n\t\t\t\t\t\t\t\t\t\t\t\t\t\t\t<img decoding=\"async\" width=\"620\" height=\"655\" src=\"https:\/\/www.delatrust.lu\/wp-content\/uploads\/2025\/10\/Fiscalite-03.webp\" class=\"attachment-full size-full wp-image-2291\" alt=\"\" srcset=\"https:\/\/www.delatrust.lu\/wp-content\/uploads\/2025\/10\/Fiscalite-03.webp 620w, https:\/\/www.delatrust.lu\/wp-content\/uploads\/2025\/10\/Fiscalite-03-284x300.webp 284w\" sizes=\"(max-width: 620px) 100vw, 620px\" loading=\"eager\" \/>\t\t\t\t\t\t\t\t\t\t\t\t\t\t\t<\/div>\n\t\t\t\t<\/div>\n\t\t<div class=\"elementor-element elementor-element-1aba0f7 e-con-full e-flex e-con e-child\" data-id=\"1aba0f7\" data-element_type=\"container\">\n\t\t\t\t<div class=\"elementor-element elementor-element-ca048b9 elementor-view-default elementor-widget elementor-widget-icon\" data-id=\"ca048b9\" data-element_type=\"widget\" data-widget_type=\"icon.default\">\n\t\t\t\t\t\t\t<div class=\"elementor-icon-wrapper\">\n\t\t\t<div class=\"elementor-icon\">\n\t\t\t<svg xmlns=\"http:\/\/www.w3.org\/2000\/svg\" width=\"82\" height=\"83\"><path d=\"M33.278 9.107c-2.648.558-6.655 2.171-9.382 3.777-3.011 1.773-7.013 5.259-9.132 7.953-5.845 7.431-8.337 16.67-6.979 25.877 1.224 8.3 5.256 15.487 11.804 21.043 1.813 1.539 4.421 3.222 6.719 4.338 7.999 3.883 17.023 4.494 25.352 1.715 5.364-1.789 9.293-4.22 13.26-8.2 2.955-2.966 4.654-5.335 6.426-8.962 1.177-2.408 1.724-3.863 2.326-6.189.361-1.394.386-1.633.265-2.488-.219-1.546-.631-2.404-1.696-3.532-.773-.82-1.523-1.316-2.552-1.687l-.877-.317-12.779-.068-12.778-.069-.565-.302a4.072 4.072 0 0 1-1.778-1.881l-.319-.687-.002-12.384c-.001-7.846-.052-12.653-.14-13.119-.638-3.362-3.848-5.518-7.173-4.818m16.81 1.116c-.732.345-1.53 1.253-1.666 1.898-.061.286-.11 4.272-.11 8.857 0 9.237-.005 9.183.911 10.622.569.895 1.869 2.062 2.769 2.488 1.239.586 2.269.643 10.875.598l7.995-.041.645-.379c.791-.465 1.353-1.361 1.443-2.299.082-.852-.48-2.459-1.766-5.043a33.74 33.74 0 0 0-17.503-16.211c-1.839-.745-2.78-.873-3.593-.49M34.613 27.504c.054 13.573.024 13.003.77 14.848.867 2.143 3.078 4.355 5.221 5.221 1.845.746 1.285.717 14.746.771 6.878.028 12.558.104 12.624.169.162.161-.714 2.895-1.492 4.655-2.81 6.358-8.127 11.561-14.575 14.262a27.79 27.79 0 0 1-22.829-.567c-3.057-1.463-5.444-3.193-7.899-5.724-2.279-2.349-3.682-4.344-5.054-7.185-2.595-5.374-3.422-11.524-2.318-17.245 1.968-10.197 9.295-18.372 19.198-21.418.676-.209 1.304-.382 1.394-.387.125-.006.175 2.923.214 12.6m21.932-8.614c2.413 1.61 4.909 3.976 6.675 6.325.79 1.052 2.243 3.323 2.243 3.506 0 .172-10.619.147-10.942-.026-.255-.136-.264-.344-.264-5.677v-5.536l.649.373c.357.206 1.094.671 1.639 1.035\" fill-rule=\"evenodd\"><\/path><\/svg>\t\t\t<\/div>\n\t\t<\/div>\n\t\t\t\t\t\t<\/div>\n\t\t\t\t<div class=\"elementor-element elementor-element-8bd702c elementor-widget elementor-widget-heading\" data-id=\"8bd702c\" data-element_type=\"widget\" data-widget_type=\"heading.default\">\n\t\t\t\t\t<h2 class=\"elementor-heading-title elementor-size-default\">Steueroptimierung<\/h2>\t\t\t\t<\/div>\n\t\t\t\t<div class=\"elementor-element elementor-element-f082e48 elementor-widget elementor-widget-heading\" data-id=\"f082e48\" data-element_type=\"widget\" data-widget_type=\"heading.default\">\n\t\t\t\t\t<p class=\"elementor-heading-title elementor-size-default\">Steuerstrategien im luxemburgischen Rechtsrahmen<\/p>\t\t\t\t<\/div>\n\t\t\t\t<div class=\"elementor-element elementor-element-6e854f4 elementor-widget elementor-widget-heading\" data-id=\"6e854f4\" data-element_type=\"widget\" data-widget_type=\"heading.default\">\n\t\t\t\t\t<p class=\"elementor-heading-title elementor-size-default\">Analyse der Steuerm\u00f6glichkeiten f\u00fcr KMU<\/p>\t\t\t\t<\/div>\n\t\t\t\t<div class=\"elementor-element elementor-element-c5fd0f7 elementor-widget elementor-widget-heading\" data-id=\"c5fd0f7\" data-element_type=\"widget\" data-widget_type=\"heading.default\">\n\t\t\t\t\t<p class=\"elementor-heading-title elementor-size-default\">Unterst\u00fctzung bei der Verwaltung von Pr\u00fcfungen und Streitigkeiten<\/p>\t\t\t\t<\/div>\n\t\t\t\t<\/div>\n\t\t\t\t<\/div>\n\t\t\t\t\t<\/div>\n\t\t\t\t<\/div>\n\t\t<div class=\"elementor-element elementor-element-6c1f286 e-flex e-con-boxed e-con e-parent\" data-id=\"6c1f286\" data-element_type=\"container\" data-settings=\"{&quot;background_background&quot;:&quot;classic&quot;}\">\n\t\t\t\t\t<div class=\"e-con-inner\">\n\t\t\t\t<div class=\"elementor-element elementor-element-c556534 elementor-widget elementor-widget-heading\" data-id=\"c556534\" data-element_type=\"widget\" data-widget_type=\"heading.default\">\n\t\t\t\t\t<h2 class=\"elementor-heading-title elementor-size-default\">Bereit, Ihre Projekte vertrauensvoll voranzutreiben?<\/h2>\t\t\t\t<\/div>\n\t\t\t\t<div class=\"elementor-element elementor-element-7424579 elementor-widget elementor-widget-button\" data-id=\"7424579\" data-element_type=\"widget\" data-widget_type=\"button.default\">\n\t\t\t\t\t\t\t\t\t\t<a class=\"elementor-button elementor-button-link elementor-size-sm\" href=\"https:\/\/www.delatrust.lu\/de\/kontaktieren-sie-uns\/\">\n\t\t\t\t\t\t<span class=\"elementor-button-content-wrapper\">\n\t\t\t\t\t\t\t\t\t<span class=\"elementor-button-text\">Sprechen Sie mit einem Experten <\/span>\n\t\t\t\t\t<\/span>\n\t\t\t\t\t<\/a>\n\t\t\t\t\t\t\t\t<\/div>\n\t\t\t\t\t<\/div>\n\t\t\t\t<\/div>\n\t\t\t\t<\/div>\n\t\t","protected":false},"excerpt":{"rendered":"<p>F\u00fchrungskr\u00e4fte von KMU Wir unterst\u00fctzen kleine und mittlere Unternehmen dabei, ihre Finanzen zu strukturieren und ihren Verpflichtungen vorausschauend nachzukommen, um sich in aller Ruhe zu entwickeln. Steuerung &amp; Compliance Ma\u00dfgeschneiderte Dashboards Jahresabschluss und klare Finanzkommunikation Risikomanagement und regulatorische Compliance Steueroptimierung Steuerstrategien im luxemburgischen Rechtsrahmen Analyse der Steuerm\u00f6glichkeiten f\u00fcr KMU Unterst\u00fctzung bei der Verwaltung von Pr\u00fcfungen [&hellip;]<\/p>\n","protected":false},"author":1,"featured_media":0,"parent":2361,"menu_order":0,"comment_status":"closed","ping_status":"closed","template":"","meta":{"_acf_changed":false,"footnotes":""},"class_list":["post-2286","page","type-page","status-publish","hentry"],"acf":[],"yoast_head":"<!-- This site is optimized with the Yoast SEO plugin v26.5 - https:\/\/yoast.com\/wordpress\/plugins\/seo\/ -->\n<title>F\u00fchrungskr\u00e4fte von KMU - DelaTrust<\/title>\n<meta name=\"description\" content=\"Ma\u00dfgeschneiderte Unterst\u00fctzung f\u00fcr KMU: Finanzsteuerung, Compliance, Steueroptimierung und Projektunterst\u00fctzung zur Sicherung von Wachstum und Gelassenheit.\" \/>\n<meta name=\"robots\" content=\"index, follow, max-snippet:-1, max-image-preview:large, max-video-preview:-1\" \/>\n<link rel=\"canonical\" href=\"https:\/\/www.delatrust.lu\/de\/kunden\/fuehrungskraefte-von-kmu\/\" \/>\n<meta property=\"og:locale\" content=\"de_DE\" \/>\n<meta property=\"og:type\" content=\"article\" \/>\n<meta property=\"og:title\" content=\"F\u00fchrungskr\u00e4fte von KMU - DelaTrust\" \/>\n<meta property=\"og:description\" content=\"Ma\u00dfgeschneiderte Unterst\u00fctzung f\u00fcr KMU: Finanzsteuerung, Compliance, Steueroptimierung und Projektunterst\u00fctzung zur Sicherung von Wachstum und Gelassenheit.\" \/>\n<meta property=\"og:url\" content=\"https:\/\/www.delatrust.lu\/de\/kunden\/fuehrungskraefte-von-kmu\/\" \/>\n<meta property=\"og:site_name\" content=\"DelaTrust\" \/>\n<meta property=\"article:modified_time\" content=\"2025-12-31T11:31:32+00:00\" \/>\n<meta property=\"og:image\" content=\"https:\/\/www.delatrust.lu\/wp-content\/uploads\/2025\/10\/Hero-Dirigeants.webp\" \/>\n\t<meta property=\"og:image:width\" content=\"1440\" \/>\n\t<meta property=\"og:image:height\" content=\"460\" \/>\n\t<meta property=\"og:image:type\" content=\"image\/webp\" \/>\n<meta name=\"twitter:card\" content=\"summary_large_image\" \/>\n<script type=\"application\/ld+json\" class=\"yoast-schema-graph\">{\"@context\":\"https:\/\/schema.org\",\"@graph\":[{\"@type\":\"WebPage\",\"@id\":\"https:\/\/www.delatrust.lu\/de\/kunden\/fuehrungskraefte-von-kmu\/\",\"url\":\"https:\/\/www.delatrust.lu\/de\/kunden\/fuehrungskraefte-von-kmu\/\",\"name\":\"F\u00fchrungskr\u00e4fte von KMU - DelaTrust\",\"isPartOf\":{\"@id\":\"https:\/\/www.delatrust.lu\/de\/#website\"},\"primaryImageOfPage\":{\"@id\":\"https:\/\/www.delatrust.lu\/de\/kunden\/fuehrungskraefte-von-kmu\/#primaryimage\"},\"image\":{\"@id\":\"https:\/\/www.delatrust.lu\/de\/kunden\/fuehrungskraefte-von-kmu\/#primaryimage\"},\"thumbnailUrl\":\"https:\/\/www.delatrust.lu\/wp-content\/uploads\/2025\/10\/Hero-Dirigeants.webp\",\"datePublished\":\"2025-10-06T16:23:22+00:00\",\"dateModified\":\"2025-12-31T11:31:32+00:00\",\"description\":\"Ma\u00dfgeschneiderte Unterst\u00fctzung f\u00fcr KMU: Finanzsteuerung, Compliance, Steueroptimierung und Projektunterst\u00fctzung zur Sicherung von Wachstum und Gelassenheit.\",\"breadcrumb\":{\"@id\":\"https:\/\/www.delatrust.lu\/de\/kunden\/fuehrungskraefte-von-kmu\/#breadcrumb\"},\"inLanguage\":\"de\",\"potentialAction\":[{\"@type\":\"ReadAction\",\"target\":[\"https:\/\/www.delatrust.lu\/de\/kunden\/fuehrungskraefte-von-kmu\/\"]}]},{\"@type\":\"ImageObject\",\"inLanguage\":\"de\",\"@id\":\"https:\/\/www.delatrust.lu\/de\/kunden\/fuehrungskraefte-von-kmu\/#primaryimage\",\"url\":\"https:\/\/www.delatrust.lu\/wp-content\/uploads\/2025\/10\/Hero-Dirigeants.webp\",\"contentUrl\":\"https:\/\/www.delatrust.lu\/wp-content\/uploads\/2025\/10\/Hero-Dirigeants.webp\"},{\"@type\":\"BreadcrumbList\",\"@id\":\"https:\/\/www.delatrust.lu\/de\/kunden\/fuehrungskraefte-von-kmu\/#breadcrumb\",\"itemListElement\":[{\"@type\":\"ListItem\",\"position\":1,\"name\":\"Accueil\",\"item\":\"https:\/\/www.delatrust.lu\/de\/startseite\/\"},{\"@type\":\"ListItem\",\"position\":2,\"name\":\"Kunden\",\"item\":\"https:\/\/www.delatrust.lu\/de\/kunden\/\"},{\"@type\":\"ListItem\",\"position\":3,\"name\":\"F\u00fchrungskr\u00e4fte von KMU\"}]},{\"@type\":\"WebSite\",\"@id\":\"https:\/\/www.delatrust.lu\/de\/#website\",\"url\":\"https:\/\/www.delatrust.lu\/de\/\",\"name\":\"DelaTrust\",\"description\":\"Cabinet d&#039;expertise comptable au Luxembourg\",\"publisher\":{\"@id\":\"https:\/\/www.delatrust.lu\/de\/#organization\"},\"potentialAction\":[{\"@type\":\"SearchAction\",\"target\":{\"@type\":\"EntryPoint\",\"urlTemplate\":\"https:\/\/www.delatrust.lu\/de\/?s={search_term_string}\"},\"query-input\":{\"@type\":\"PropertyValueSpecification\",\"valueRequired\":true,\"valueName\":\"search_term_string\"}}],\"inLanguage\":\"de\"},{\"@type\":\"Organization\",\"@id\":\"https:\/\/www.delatrust.lu\/de\/#organization\",\"name\":\"DelaTrust\",\"url\":\"https:\/\/www.delatrust.lu\/de\/\",\"logo\":{\"@type\":\"ImageObject\",\"inLanguage\":\"de\",\"@id\":\"https:\/\/www.delatrust.lu\/de\/#\/schema\/logo\/image\/\",\"url\":\"https:\/\/www.delatrust.lu\/wp-content\/uploads\/2025\/09\/DelaTrust-Logo-Light.svg\",\"contentUrl\":\"https:\/\/www.delatrust.lu\/wp-content\/uploads\/2025\/09\/DelaTrust-Logo-Light.svg\",\"width\":250,\"height\":70,\"caption\":\"DelaTrust\"},\"image\":{\"@id\":\"https:\/\/www.delatrust.lu\/de\/#\/schema\/logo\/image\/\"}}]}<\/script>\n<!-- \/ Yoast SEO plugin. -->","yoast_head_json":{"title":"F\u00fchrungskr\u00e4fte von KMU - DelaTrust","description":"Ma\u00dfgeschneiderte Unterst\u00fctzung f\u00fcr KMU: Finanzsteuerung, Compliance, Steueroptimierung und Projektunterst\u00fctzung zur Sicherung von Wachstum und Gelassenheit.","robots":{"index":"index","follow":"follow","max-snippet":"max-snippet:-1","max-image-preview":"max-image-preview:large","max-video-preview":"max-video-preview:-1"},"canonical":"https:\/\/www.delatrust.lu\/de\/kunden\/fuehrungskraefte-von-kmu\/","og_locale":"de_DE","og_type":"article","og_title":"F\u00fchrungskr\u00e4fte von KMU - DelaTrust","og_description":"Ma\u00dfgeschneiderte Unterst\u00fctzung f\u00fcr KMU: Finanzsteuerung, Compliance, Steueroptimierung und Projektunterst\u00fctzung zur Sicherung von Wachstum und Gelassenheit.","og_url":"https:\/\/www.delatrust.lu\/de\/kunden\/fuehrungskraefte-von-kmu\/","og_site_name":"DelaTrust","article_modified_time":"2025-12-31T11:31:32+00:00","og_image":[{"width":1440,"height":460,"url":"https:\/\/www.delatrust.lu\/wp-content\/uploads\/2025\/10\/Hero-Dirigeants.webp","type":"image\/webp"}],"twitter_card":"summary_large_image","schema":{"@context":"https:\/\/schema.org","@graph":[{"@type":"WebPage","@id":"https:\/\/www.delatrust.lu\/de\/kunden\/fuehrungskraefte-von-kmu\/","url":"https:\/\/www.delatrust.lu\/de\/kunden\/fuehrungskraefte-von-kmu\/","name":"F\u00fchrungskr\u00e4fte von KMU - DelaTrust","isPartOf":{"@id":"https:\/\/www.delatrust.lu\/de\/#website"},"primaryImageOfPage":{"@id":"https:\/\/www.delatrust.lu\/de\/kunden\/fuehrungskraefte-von-kmu\/#primaryimage"},"image":{"@id":"https:\/\/www.delatrust.lu\/de\/kunden\/fuehrungskraefte-von-kmu\/#primaryimage"},"thumbnailUrl":"https:\/\/www.delatrust.lu\/wp-content\/uploads\/2025\/10\/Hero-Dirigeants.webp","datePublished":"2025-10-06T16:23:22+00:00","dateModified":"2025-12-31T11:31:32+00:00","description":"Ma\u00dfgeschneiderte Unterst\u00fctzung f\u00fcr KMU: Finanzsteuerung, Compliance, Steueroptimierung und Projektunterst\u00fctzung zur Sicherung von Wachstum und Gelassenheit.","breadcrumb":{"@id":"https:\/\/www.delatrust.lu\/de\/kunden\/fuehrungskraefte-von-kmu\/#breadcrumb"},"inLanguage":"de","potentialAction":[{"@type":"ReadAction","target":["https:\/\/www.delatrust.lu\/de\/kunden\/fuehrungskraefte-von-kmu\/"]}]},{"@type":"ImageObject","inLanguage":"de","@id":"https:\/\/www.delatrust.lu\/de\/kunden\/fuehrungskraefte-von-kmu\/#primaryimage","url":"https:\/\/www.delatrust.lu\/wp-content\/uploads\/2025\/10\/Hero-Dirigeants.webp","contentUrl":"https:\/\/www.delatrust.lu\/wp-content\/uploads\/2025\/10\/Hero-Dirigeants.webp"},{"@type":"BreadcrumbList","@id":"https:\/\/www.delatrust.lu\/de\/kunden\/fuehrungskraefte-von-kmu\/#breadcrumb","itemListElement":[{"@type":"ListItem","position":1,"name":"Accueil","item":"https:\/\/www.delatrust.lu\/de\/startseite\/"},{"@type":"ListItem","position":2,"name":"Kunden","item":"https:\/\/www.delatrust.lu\/de\/kunden\/"},{"@type":"ListItem","position":3,"name":"F\u00fchrungskr\u00e4fte von KMU"}]},{"@type":"WebSite","@id":"https:\/\/www.delatrust.lu\/de\/#website","url":"https:\/\/www.delatrust.lu\/de\/","name":"DelaTrust","description":"Cabinet d&#039;expertise comptable au Luxembourg","publisher":{"@id":"https:\/\/www.delatrust.lu\/de\/#organization"},"potentialAction":[{"@type":"SearchAction","target":{"@type":"EntryPoint","urlTemplate":"https:\/\/www.delatrust.lu\/de\/?s={search_term_string}"},"query-input":{"@type":"PropertyValueSpecification","valueRequired":true,"valueName":"search_term_string"}}],"inLanguage":"de"},{"@type":"Organization","@id":"https:\/\/www.delatrust.lu\/de\/#organization","name":"DelaTrust","url":"https:\/\/www.delatrust.lu\/de\/","logo":{"@type":"ImageObject","inLanguage":"de","@id":"https:\/\/www.delatrust.lu\/de\/#\/schema\/logo\/image\/","url":"https:\/\/www.delatrust.lu\/wp-content\/uploads\/2025\/09\/DelaTrust-Logo-Light.svg","contentUrl":"https:\/\/www.delatrust.lu\/wp-content\/uploads\/2025\/09\/DelaTrust-Logo-Light.svg","width":250,"height":70,"caption":"DelaTrust"},"image":{"@id":"https:\/\/www.delatrust.lu\/de\/#\/schema\/logo\/image\/"}}]}},"_links":{"self":[{"href":"https:\/\/www.delatrust.lu\/de\/wp-json\/wp\/v2\/pages\/2286","targetHints":{"allow":["GET"]}}],"collection":[{"href":"https:\/\/www.delatrust.lu\/de\/wp-json\/wp\/v2\/pages"}],"about":[{"href":"https:\/\/www.delatrust.lu\/de\/wp-json\/wp\/v2\/types\/page"}],"author":[{"embeddable":true,"href":"https:\/\/www.delatrust.lu\/de\/wp-json\/wp\/v2\/users\/1"}],"replies":[{"embeddable":true,"href":"https:\/\/www.delatrust.lu\/de\/wp-json\/wp\/v2\/comments?post=2286"}],"version-history":[{"count":1,"href":"https:\/\/www.delatrust.lu\/de\/wp-json\/wp\/v2\/pages\/2286\/revisions"}],"predecessor-version":[{"id":2292,"href":"https:\/\/www.delatrust.lu\/de\/wp-json\/wp\/v2\/pages\/2286\/revisions\/2292"}],"up":[{"embeddable":true,"href":"https:\/\/www.delatrust.lu\/de\/wp-json\/wp\/v2\/pages\/2361"}],"wp:attachment":[{"href":"https:\/\/www.delatrust.lu\/de\/wp-json\/wp\/v2\/media?parent=2286"}],"curies":[{"name":"wp","href":"https:\/\/api.w.org\/{rel}","templated":true}]}}