{"id":2206,"date":"2025-12-15T21:43:13","date_gmt":"2025-12-15T20:43:13","guid":{"rendered":"https:\/\/www.delatrust.lu\/impressum\/"},"modified":"2025-12-31T12:22:05","modified_gmt":"2025-12-31T11:22:05","slug":"impressum","status":"publish","type":"page","link":"https:\/\/www.delatrust.lu\/de\/impressum\/","title":{"rendered":"Impressum"},"content":{"rendered":"\t\t<div data-elementor-type=\"wp-page\" data-elementor-id=\"2206\" class=\"elementor elementor-2206 elementor-1896\" data-elementor-post-type=\"page\">\n\t\t\t\t<div class=\"elementor-element elementor-element-e9966c8 e-flex e-con-boxed e-con e-parent\" data-id=\"e9966c8\" data-element_type=\"container\">\n\t\t\t\t\t<div class=\"e-con-inner\">\n\t\t\t\t<div class=\"elementor-element elementor-element-9c031ff elementor-widget elementor-widget-html\" data-id=\"9c031ff\" data-element_type=\"widget\" data-widget_type=\"html.default\">\n\t\t\t\t\t`<p>Rechtliche Hinweise der Gesellschaft <strong>DELATRUST<\/strong><\/p>\n<p>&nbsp;<\/p>\n<p>Name: DELATRUST S\u00e0rls<br> Sitz: Esplanade de la Moselle 7 <br> L-6637 Wasserbillig, Luxemburg<br> Handelsregister Luxemburg: B288732<br> USt-IdNr.: LU35928783<br> Gewerbeberechtigung: 10170146\/0<\/p>\n<p>Telefon: +352 691 141 766<br> WhatsApp: +352 691 141 766<\/p>\n<p>Website: <a href=\"http:\/\/www.delatrust.lu\" target=\"_blank\" rel=\"noopener noreferrer nofollow\">www.delatrust.lu<\/a><br> E-Mail: <a href=\"info@delatrust.lu\">info@delatrust.lu<\/a><\/p>\n<p>&nbsp;<\/p>\n<p><strong>Nutzungsbedingungen der Website<\/strong><\/p>\n<p>DELATRUST, eine Wirtschaftspr\u00fcfungs- und Steuerberatungsgesellschaft, eingetragen bei der luxemburgischen Wirtschaftspr\u00fcferkammer, stellt ihre Website www.delatrust.lu als einen Bereich zur Pr\u00e4sentation des Unternehmens und seiner Dienstleistungen zur Verf\u00fcgung. Diese Website enth\u00e4lt informative, werbliche und marketingbezogene Informationen. Der Inhalt der Website kann jederzeit und ohne vorherige Ank\u00fcndigung aktualisiert oder ge\u00e4ndert werden.  <\/p>\n<p>Die Nutzung der Website setzt die Annahme der allgemeinen Nutzungsbedingungen voraus. DELATRUST beh\u00e4lt sich das Recht vor, diese Bedingungen jederzeit zu \u00e4ndern, wobei die Aktualisierungen sofort f\u00fcr alle Nutzer gelten. <\/p>\n<p>&nbsp;<\/p>\n<p><strong>Zugang und Inhalt der Website<\/strong><\/p>\n<p>DELATRUST S\u00e0rls beh\u00e4lt sich das Recht vor, die Website ohne vorherige Ank\u00fcndigung aus Wartungsgr\u00fcnden oder aus jedem anderen notwendigen Grund zu aktualisieren, zu \u00e4ndern, auszusetzen oder einzustellen.<\/p>\n<p>&nbsp;<\/p>\n<p><strong>Geistiges Eigentum<\/strong><\/p>\n<p>Alle auf der Website vorhandenen Elemente (Logos, Marken, Fotos, Videos, Texte, Zeichnungen, Grafiken, Layout) sind das ausschlie\u00dfliche Eigentum von DELATRUST. Jede Vervielf\u00e4ltigung, Verbreitung, \u00c4nderung oder Nutzung, ob teilweise oder vollst\u00e4ndig, des Inhalts ist ohne vorherige Genehmigung strengstens untersagt. <\/p>\n<p>&nbsp;<\/p>\n<p><strong>Links zu anderen Websites<\/strong><\/p>\n<p>Die Website von DELATRUST kann Links zu Websites Dritter enthalten. DELATRUST billigt oder kontrolliert den Inhalt dieser Websites nicht und lehnt daher jede Verantwortung f\u00fcr die von diesen Dritten angebotenen Informationen und Dienstleistungen ab. <\/p>`\t\t\t\t<\/div>\n\t\t\t\t\t<\/div>\n\t\t\t\t<\/div>\n\t\t\t\t<\/div>\n\t\t","protected":false},"excerpt":{"rendered":"<p>` Rechtliche Hinweise der Gesellschaft DELATRUST &nbsp; Name: DELATRUST S\u00e0rls Sitz: Esplanade de la Moselle 7 L-6637 Wasserbillig, Luxemburg Handelsregister Luxemburg: B288732 USt-IdNr.: LU35928783 Gewerbeberechtigung: 10170146\/0 Telefon: +352 691 141 766 WhatsApp: +352 691 141 766 Website: www.delatrust.lu E-Mail: info@delatrust.lu &nbsp; Nutzungsbedingungen der Website DELATRUST, eine Wirtschaftspr\u00fcfungs- und Steuerberatungsgesellschaft, eingetragen bei der luxemburgischen Wirtschaftspr\u00fcferkammer, stellt [&hellip;]<\/p>\n","protected":false},"author":1,"featured_media":0,"parent":0,"menu_order":0,"comment_status":"closed","ping_status":"closed","template":"","meta":{"_acf_changed":false,"footnotes":""},"class_list":["post-2206","page","type-page","status-publish","hentry"],"acf":[],"yoast_head":"<!-- This site is optimized with the Yoast SEO plugin v26.5 - https:\/\/yoast.com\/wordpress\/plugins\/seo\/ -->\n<title>Impressum - DelaTrust<\/title>\n<meta name=\"robots\" content=\"index, follow, max-snippet:-1, max-image-preview:large, max-video-preview:-1\" \/>\n<link rel=\"canonical\" href=\"https:\/\/www.delatrust.lu\/de\/impressum\/\" \/>\n<meta property=\"og:locale\" content=\"de_DE\" \/>\n<meta property=\"og:type\" content=\"article\" \/>\n<meta property=\"og:title\" content=\"Impressum - DelaTrust\" \/>\n<meta property=\"og:description\" content=\"` Rechtliche Hinweise der Gesellschaft DELATRUST &nbsp; Name: DELATRUST S\u00e0rls Sitz: Esplanade de la Moselle 7 L-6637 Wasserbillig, Luxemburg Handelsregister Luxemburg: B288732 USt-IdNr.: LU35928783 Gewerbeberechtigung: 10170146\/0 Telefon: +352 691 141 766 WhatsApp: +352 691 141 766 Website: www.delatrust.lu E-Mail: info@delatrust.lu &nbsp; Nutzungsbedingungen der Website DELATRUST, eine Wirtschaftspr\u00fcfungs- und Steuerberatungsgesellschaft, eingetragen bei der luxemburgischen Wirtschaftspr\u00fcferkammer, stellt [&hellip;]\" \/>\n<meta property=\"og:url\" content=\"https:\/\/www.delatrust.lu\/de\/impressum\/\" \/>\n<meta property=\"og:site_name\" content=\"DelaTrust\" \/>\n<meta property=\"article:modified_time\" content=\"2025-12-31T11:22:05+00:00\" \/>\n<meta name=\"twitter:card\" content=\"summary_large_image\" \/>\n<meta name=\"twitter:label1\" content=\"Gesch\u00e4tzte Lesezeit\" \/>\n\t<meta name=\"twitter:data1\" content=\"1\u00a0Minute\" \/>\n<script type=\"application\/ld+json\" class=\"yoast-schema-graph\">{\"@context\":\"https:\/\/schema.org\",\"@graph\":[{\"@type\":\"WebPage\",\"@id\":\"https:\/\/www.delatrust.lu\/de\/impressum\/\",\"url\":\"https:\/\/www.delatrust.lu\/de\/impressum\/\",\"name\":\"Impressum - DelaTrust\",\"isPartOf\":{\"@id\":\"https:\/\/www.delatrust.lu\/de\/#website\"},\"datePublished\":\"2025-12-15T20:43:13+00:00\",\"dateModified\":\"2025-12-31T11:22:05+00:00\",\"breadcrumb\":{\"@id\":\"https:\/\/www.delatrust.lu\/de\/impressum\/#breadcrumb\"},\"inLanguage\":\"de\",\"potentialAction\":[{\"@type\":\"ReadAction\",\"target\":[\"https:\/\/www.delatrust.lu\/de\/impressum\/\"]}]},{\"@type\":\"BreadcrumbList\",\"@id\":\"https:\/\/www.delatrust.lu\/de\/impressum\/#breadcrumb\",\"itemListElement\":[{\"@type\":\"ListItem\",\"position\":1,\"name\":\"Accueil\",\"item\":\"https:\/\/www.delatrust.lu\/de\/startseite\/\"},{\"@type\":\"ListItem\",\"position\":2,\"name\":\"Impressum\"}]},{\"@type\":\"WebSite\",\"@id\":\"https:\/\/www.delatrust.lu\/de\/#website\",\"url\":\"https:\/\/www.delatrust.lu\/de\/\",\"name\":\"DelaTrust\",\"description\":\"Cabinet d&#039;expertise comptable au Luxembourg\",\"publisher\":{\"@id\":\"https:\/\/www.delatrust.lu\/de\/#organization\"},\"potentialAction\":[{\"@type\":\"SearchAction\",\"target\":{\"@type\":\"EntryPoint\",\"urlTemplate\":\"https:\/\/www.delatrust.lu\/de\/?s={search_term_string}\"},\"query-input\":{\"@type\":\"PropertyValueSpecification\",\"valueRequired\":true,\"valueName\":\"search_term_string\"}}],\"inLanguage\":\"de\"},{\"@type\":\"Organization\",\"@id\":\"https:\/\/www.delatrust.lu\/de\/#organization\",\"name\":\"DelaTrust\",\"url\":\"https:\/\/www.delatrust.lu\/de\/\",\"logo\":{\"@type\":\"ImageObject\",\"inLanguage\":\"de\",\"@id\":\"https:\/\/www.delatrust.lu\/de\/#\/schema\/logo\/image\/\",\"url\":\"https:\/\/www.delatrust.lu\/wp-content\/uploads\/2025\/09\/DelaTrust-Logo-Light.svg\",\"contentUrl\":\"https:\/\/www.delatrust.lu\/wp-content\/uploads\/2025\/09\/DelaTrust-Logo-Light.svg\",\"width\":250,\"height\":70,\"caption\":\"DelaTrust\"},\"image\":{\"@id\":\"https:\/\/www.delatrust.lu\/de\/#\/schema\/logo\/image\/\"}}]}<\/script>\n<!-- \/ Yoast SEO plugin. -->","yoast_head_json":{"title":"Impressum - DelaTrust","robots":{"index":"index","follow":"follow","max-snippet":"max-snippet:-1","max-image-preview":"max-image-preview:large","max-video-preview":"max-video-preview:-1"},"canonical":"https:\/\/www.delatrust.lu\/de\/impressum\/","og_locale":"de_DE","og_type":"article","og_title":"Impressum - DelaTrust","og_description":"` Rechtliche Hinweise der Gesellschaft DELATRUST &nbsp; Name: DELATRUST S\u00e0rls Sitz: Esplanade de la Moselle 7 L-6637 Wasserbillig, Luxemburg Handelsregister Luxemburg: B288732 USt-IdNr.: LU35928783 Gewerbeberechtigung: 10170146\/0 Telefon: +352 691 141 766 WhatsApp: +352 691 141 766 Website: www.delatrust.lu E-Mail: info@delatrust.lu &nbsp; Nutzungsbedingungen der Website DELATRUST, eine Wirtschaftspr\u00fcfungs- und Steuerberatungsgesellschaft, eingetragen bei der luxemburgischen Wirtschaftspr\u00fcferkammer, stellt [&hellip;]","og_url":"https:\/\/www.delatrust.lu\/de\/impressum\/","og_site_name":"DelaTrust","article_modified_time":"2025-12-31T11:22:05+00:00","twitter_card":"summary_large_image","twitter_misc":{"Gesch\u00e4tzte Lesezeit":"1\u00a0Minute"},"schema":{"@context":"https:\/\/schema.org","@graph":[{"@type":"WebPage","@id":"https:\/\/www.delatrust.lu\/de\/impressum\/","url":"https:\/\/www.delatrust.lu\/de\/impressum\/","name":"Impressum - DelaTrust","isPartOf":{"@id":"https:\/\/www.delatrust.lu\/de\/#website"},"datePublished":"2025-12-15T20:43:13+00:00","dateModified":"2025-12-31T11:22:05+00:00","breadcrumb":{"@id":"https:\/\/www.delatrust.lu\/de\/impressum\/#breadcrumb"},"inLanguage":"de","potentialAction":[{"@type":"ReadAction","target":["https:\/\/www.delatrust.lu\/de\/impressum\/"]}]},{"@type":"BreadcrumbList","@id":"https:\/\/www.delatrust.lu\/de\/impressum\/#breadcrumb","itemListElement":[{"@type":"ListItem","position":1,"name":"Accueil","item":"https:\/\/www.delatrust.lu\/de\/startseite\/"},{"@type":"ListItem","position":2,"name":"Impressum"}]},{"@type":"WebSite","@id":"https:\/\/www.delatrust.lu\/de\/#website","url":"https:\/\/www.delatrust.lu\/de\/","name":"DelaTrust","description":"Cabinet d&#039;expertise comptable au Luxembourg","publisher":{"@id":"https:\/\/www.delatrust.lu\/de\/#organization"},"potentialAction":[{"@type":"SearchAction","target":{"@type":"EntryPoint","urlTemplate":"https:\/\/www.delatrust.lu\/de\/?s={search_term_string}"},"query-input":{"@type":"PropertyValueSpecification","valueRequired":true,"valueName":"search_term_string"}}],"inLanguage":"de"},{"@type":"Organization","@id":"https:\/\/www.delatrust.lu\/de\/#organization","name":"DelaTrust","url":"https:\/\/www.delatrust.lu\/de\/","logo":{"@type":"ImageObject","inLanguage":"de","@id":"https:\/\/www.delatrust.lu\/de\/#\/schema\/logo\/image\/","url":"https:\/\/www.delatrust.lu\/wp-content\/uploads\/2025\/09\/DelaTrust-Logo-Light.svg","contentUrl":"https:\/\/www.delatrust.lu\/wp-content\/uploads\/2025\/09\/DelaTrust-Logo-Light.svg","width":250,"height":70,"caption":"DelaTrust"},"image":{"@id":"https:\/\/www.delatrust.lu\/de\/#\/schema\/logo\/image\/"}}]}},"_links":{"self":[{"href":"https:\/\/www.delatrust.lu\/de\/wp-json\/wp\/v2\/pages\/2206","targetHints":{"allow":["GET"]}}],"collection":[{"href":"https:\/\/www.delatrust.lu\/de\/wp-json\/wp\/v2\/pages"}],"about":[{"href":"https:\/\/www.delatrust.lu\/de\/wp-json\/wp\/v2\/types\/page"}],"author":[{"embeddable":true,"href":"https:\/\/www.delatrust.lu\/de\/wp-json\/wp\/v2\/users\/1"}],"replies":[{"embeddable":true,"href":"https:\/\/www.delatrust.lu\/de\/wp-json\/wp\/v2\/comments?post=2206"}],"version-history":[{"count":1,"href":"https:\/\/www.delatrust.lu\/de\/wp-json\/wp\/v2\/pages\/2206\/revisions"}],"predecessor-version":[{"id":2207,"href":"https:\/\/www.delatrust.lu\/de\/wp-json\/wp\/v2\/pages\/2206\/revisions\/2207"}],"wp:attachment":[{"href":"https:\/\/www.delatrust.lu\/de\/wp-json\/wp\/v2\/media?parent=2206"}],"curies":[{"name":"wp","href":"https:\/\/api.w.org\/{rel}","templated":true}]}}